{"id":423,"date":"2023-12-27T17:33:49","date_gmt":"2023-12-27T16:33:49","guid":{"rendered":"https:\/\/axistechnology.be\/?post_type=product&#038;p=423"},"modified":"2024-05-02T15:58:27","modified_gmt":"2024-05-02T13:58:27","slug":"coropur-89-ls-1k-fh-revetement-de-finition-au-fer-micace","status":"publish","type":"product","link":"https:\/\/axistechnology.be\/en\/product\/coropur-89-ls-1k-fh-revetement-de-finition-au-fer-micace\/","title":{"rendered":"COROPUR 89 LS 1K-FH rev\u00eatement de finition au fer micac\u00e9"},"content":{"rendered":"<p>1K-FH rev\u00eatement interm\u00e9diaire au fer micac\u00e9 de syst\u00e8mes s\u00e9chant \u00e0 l&rsquo;humidit\u00e9 ou de finitions int\u00e9rieure &#8211; R\u00e9sistance \u00e0 l&rsquo;eau et la corrosion<\/p>","protected":false},"excerpt":{"rendered":"<p>1K-FH rev\u00eatement interm\u00e9diaire au fer micac\u00e9 de syst\u00e8mes s\u00e9chant \u00e0 l&rsquo;humidit\u00e9 ou de finitions int\u00e9rieure &#8211; R\u00e9sistance \u00e0 l&rsquo;eau et la corrosion<\/p>","protected":false},"featured_media":922,"comment_status":"open","ping_status":"closed","template":"","meta":{"_acf_changed":false,"_kad_post_transparent":"default","_kad_post_title":"","_kad_post_layout":"default","_kad_post_sidebar_id":"","_kad_post_content_style":"default","_kad_post_vertical_padding":"default","_kad_post_feature":"","_kad_post_feature_position":"","_kad_post_header":false,"_kad_post_footer":false,"_kad_post_classname":""},"application":[34,70,32],"base":[36],"finition":[67],"fonction":[21,54],"gamme":[14],"surface-cible":[],"systeme":[20],"utilisation":[18,17],"product_brand":[],"product_cat":[53],"product_tag":[],"class_list":{"0":"post-423","1":"product","2":"type-product","3":"status-publish","4":"has-post-thumbnail","6":"application-aerosol","7":"application-pinceau","8":"application-rouleau","9":"base-solvant","10":"finition-mat-a-soyeux","11":"fonction-anticorrosion","12":"fonction-resistance-a-lhumidite","13":"gamme-coropur","14":"systeme-finition","15":"utilisation-exterieur","16":"utilisation-interieur","17":"product_cat-peintures","19":"first","20":"instock","21":"shipping-taxable","22":"product-type-simple","23":"entry","24":"content-bg","25":"loop-entry"},"acf":[],"_links":{"self":[{"href":"https:\/\/axistechnology.be\/en\/wp-json\/wp\/v2\/product\/423","targetHints":{"allow":["GET"]}}],"collection":[{"href":"https:\/\/axistechnology.be\/en\/wp-json\/wp\/v2\/product"}],"about":[{"href":"https:\/\/axistechnology.be\/en\/wp-json\/wp\/v2\/types\/product"}],"replies":[{"embeddable":true,"href":"https:\/\/axistechnology.be\/en\/wp-json\/wp\/v2\/comments?post=423"}],"wp:featuredmedia":[{"embeddable":true,"href":"https:\/\/axistechnology.be\/en\/wp-json\/wp\/v2\/media\/922"}],"wp:attachment":[{"href":"https:\/\/axistechnology.be\/en\/wp-json\/wp\/v2\/media?parent=423"}],"wp:term":[{"taxonomy":"application","embeddable":true,"href":"https:\/\/axistechnology.be\/en\/wp-json\/wp\/v2\/application?post=423"},{"taxonomy":"base","embeddable":true,"href":"https:\/\/axistechnology.be\/en\/wp-json\/wp\/v2\/base?post=423"},{"taxonomy":"finition","embeddable":true,"href":"https:\/\/axistechnology.be\/en\/wp-json\/wp\/v2\/finition?post=423"},{"taxonomy":"fonction","embeddable":true,"href":"https:\/\/axistechnology.be\/en\/wp-json\/wp\/v2\/fonction?post=423"},{"taxonomy":"gamme","embeddable":true,"href":"https:\/\/axistechnology.be\/en\/wp-json\/wp\/v2\/gamme?post=423"},{"taxonomy":"surface-cible","embeddable":true,"href":"https:\/\/axistechnology.be\/en\/wp-json\/wp\/v2\/surface-cible?post=423"},{"taxonomy":"systeme","embeddable":true,"href":"https:\/\/axistechnology.be\/en\/wp-json\/wp\/v2\/systeme?post=423"},{"taxonomy":"utilisation","embeddable":true,"href":"https:\/\/axistechnology.be\/en\/wp-json\/wp\/v2\/utilisation?post=423"},{"taxonomy":"product_brand","embeddable":true,"href":"https:\/\/axistechnology.be\/en\/wp-json\/wp\/v2\/product_brand?post=423"},{"taxonomy":"product_cat","embeddable":true,"href":"https:\/\/axistechnology.be\/en\/wp-json\/wp\/v2\/product_cat?post=423"},{"taxonomy":"product_tag","embeddable":true,"href":"https:\/\/axistechnology.be\/en\/wp-json\/wp\/v2\/product_tag?post=423"}],"curies":[{"name":"wp","href":"https:\/\/api.w.org\/{rel}","templated":true}]}}