{"id":422,"date":"2023-12-27T17:32:26","date_gmt":"2023-12-27T16:32:26","guid":{"rendered":"https:\/\/axistechnology.be\/?post_type=product&#038;p=422"},"modified":"2024-05-02T15:56:38","modified_gmt":"2024-05-02T13:56:38","slug":"coropur-89-1k-fh-revetement-de-finition-satine","status":"publish","type":"product","link":"https:\/\/axistechnology.be\/en\/product\/coropur-89-1k-fh-revetement-de-finition-satine\/","title":{"rendered":"COROPUR 89 1K-FH rev\u00eatement de finition satin\u00e9"},"content":{"rendered":"<p>1K-FH rev\u00eatement de finition satin\u00e9 &#8211; Forte r\u00e9sistance \u00e0 la lumi\u00e8re, intemp\u00e9ries et agents chimiques<\/p>","protected":false},"excerpt":{"rendered":"<p>1K-FH rev\u00eatement de finition satin\u00e9 &#8211; Forte r\u00e9sistance \u00e0 la lumi\u00e8re, intemp\u00e9ries et agents chimiques<\/p>","protected":false},"featured_media":922,"comment_status":"open","ping_status":"closed","template":"","meta":{"_acf_changed":false,"_kad_post_transparent":"default","_kad_post_title":"","_kad_post_layout":"default","_kad_post_sidebar_id":"","_kad_post_content_style":"default","_kad_post_vertical_padding":"default","_kad_post_feature":"","_kad_post_feature_position":"","_kad_post_header":false,"_kad_post_footer":false,"_kad_post_classname":""},"application":[],"base":[36],"finition":[37],"fonction":[21,23,24,68],"gamme":[14],"surface-cible":[],"systeme":[20],"utilisation":[18,17],"product_brand":[],"product_cat":[53],"product_tag":[],"class_list":{"0":"post-422","1":"product","2":"type-product","3":"status-publish","4":"has-post-thumbnail","6":"base-solvant","7":"finition-satine","8":"fonction-anticorrosion","9":"fonction-resistance-chimique","10":"fonction-resistances-aux-intemperies","11":"fonction-resistances-aux-uv","12":"gamme-coropur","13":"systeme-finition","14":"utilisation-exterieur","15":"utilisation-interieur","16":"product_cat-peintures","18":"first","19":"instock","20":"shipping-taxable","21":"product-type-simple","22":"entry","23":"content-bg","24":"loop-entry"},"acf":[],"_links":{"self":[{"href":"https:\/\/axistechnology.be\/en\/wp-json\/wp\/v2\/product\/422","targetHints":{"allow":["GET"]}}],"collection":[{"href":"https:\/\/axistechnology.be\/en\/wp-json\/wp\/v2\/product"}],"about":[{"href":"https:\/\/axistechnology.be\/en\/wp-json\/wp\/v2\/types\/product"}],"replies":[{"embeddable":true,"href":"https:\/\/axistechnology.be\/en\/wp-json\/wp\/v2\/comments?post=422"}],"wp:featuredmedia":[{"embeddable":true,"href":"https:\/\/axistechnology.be\/en\/wp-json\/wp\/v2\/media\/922"}],"wp:attachment":[{"href":"https:\/\/axistechnology.be\/en\/wp-json\/wp\/v2\/media?parent=422"}],"wp:term":[{"taxonomy":"application","embeddable":true,"href":"https:\/\/axistechnology.be\/en\/wp-json\/wp\/v2\/application?post=422"},{"taxonomy":"base","embeddable":true,"href":"https:\/\/axistechnology.be\/en\/wp-json\/wp\/v2\/base?post=422"},{"taxonomy":"finition","embeddable":true,"href":"https:\/\/axistechnology.be\/en\/wp-json\/wp\/v2\/finition?post=422"},{"taxonomy":"fonction","embeddable":true,"href":"https:\/\/axistechnology.be\/en\/wp-json\/wp\/v2\/fonction?post=422"},{"taxonomy":"gamme","embeddable":true,"href":"https:\/\/axistechnology.be\/en\/wp-json\/wp\/v2\/gamme?post=422"},{"taxonomy":"surface-cible","embeddable":true,"href":"https:\/\/axistechnology.be\/en\/wp-json\/wp\/v2\/surface-cible?post=422"},{"taxonomy":"systeme","embeddable":true,"href":"https:\/\/axistechnology.be\/en\/wp-json\/wp\/v2\/systeme?post=422"},{"taxonomy":"utilisation","embeddable":true,"href":"https:\/\/axistechnology.be\/en\/wp-json\/wp\/v2\/utilisation?post=422"},{"taxonomy":"product_brand","embeddable":true,"href":"https:\/\/axistechnology.be\/en\/wp-json\/wp\/v2\/product_brand?post=422"},{"taxonomy":"product_cat","embeddable":true,"href":"https:\/\/axistechnology.be\/en\/wp-json\/wp\/v2\/product_cat?post=422"},{"taxonomy":"product_tag","embeddable":true,"href":"https:\/\/axistechnology.be\/en\/wp-json\/wp\/v2\/product_tag?post=422"}],"curies":[{"name":"wp","href":"https:\/\/api.w.org\/{rel}","templated":true}]}}