{"id":420,"date":"2023-12-27T17:29:47","date_gmt":"2023-12-27T16:29:47","guid":{"rendered":"https:\/\/axistechnology.be\/?post_type=product&#038;p=420"},"modified":"2024-05-02T15:54:40","modified_gmt":"2024-05-02T13:54:40","slug":"corozinc-89-1k-primer-a-la-couche-de-zinc","status":"publish","type":"product","link":"https:\/\/axistechnology.be\/en\/product\/corozinc-89-1k-primer-a-la-couche-de-zinc\/","title":{"rendered":"COROZINC 89 1K-Primer \u00e0 la couche de zinc"},"content":{"rendered":"<p>1K-Primer \u00e0 la couche de zinc &#8211; Anticorrosion, r\u00e9sistance m\u00e9canique, rev\u00eatements \u00e9pais<\/p>","protected":false},"excerpt":{"rendered":"<p>1K-Primer \u00e0 la couche de zinc &#8211; Anticorrosion, r\u00e9sistance m\u00e9canique, rev\u00eatements \u00e9pais<\/p>","protected":false},"featured_media":922,"comment_status":"open","ping_status":"closed","template":"","meta":{"_acf_changed":false,"_kad_post_transparent":"default","_kad_post_title":"","_kad_post_layout":"default","_kad_post_sidebar_id":"","_kad_post_content_style":"default","_kad_post_vertical_padding":"default","_kad_post_feature":"","_kad_post_feature_position":"","_kad_post_header":false,"_kad_post_footer":false,"_kad_post_classname":""},"application":[34,70,32],"base":[36],"finition":[69],"fonction":[21,23],"gamme":[15],"surface-cible":[],"systeme":[19],"utilisation":[18,17],"product_brand":[],"product_cat":[53],"product_tag":[],"class_list":{"0":"post-420","1":"product","2":"type-product","3":"status-publish","4":"has-post-thumbnail","6":"application-aerosol","7":"application-pinceau","8":"application-rouleau","9":"base-solvant","10":"finition-mat","11":"fonction-anticorrosion","12":"fonction-resistance-chimique","13":"gamme-corozinc","14":"systeme-primer","15":"utilisation-exterieur","16":"utilisation-interieur","17":"product_cat-peintures","19":"first","20":"instock","21":"shipping-taxable","22":"product-type-simple","23":"entry","24":"content-bg","25":"loop-entry"},"acf":[],"_links":{"self":[{"href":"https:\/\/axistechnology.be\/en\/wp-json\/wp\/v2\/product\/420","targetHints":{"allow":["GET"]}}],"collection":[{"href":"https:\/\/axistechnology.be\/en\/wp-json\/wp\/v2\/product"}],"about":[{"href":"https:\/\/axistechnology.be\/en\/wp-json\/wp\/v2\/types\/product"}],"replies":[{"embeddable":true,"href":"https:\/\/axistechnology.be\/en\/wp-json\/wp\/v2\/comments?post=420"}],"wp:featuredmedia":[{"embeddable":true,"href":"https:\/\/axistechnology.be\/en\/wp-json\/wp\/v2\/media\/922"}],"wp:attachment":[{"href":"https:\/\/axistechnology.be\/en\/wp-json\/wp\/v2\/media?parent=420"}],"wp:term":[{"taxonomy":"application","embeddable":true,"href":"https:\/\/axistechnology.be\/en\/wp-json\/wp\/v2\/application?post=420"},{"taxonomy":"base","embeddable":true,"href":"https:\/\/axistechnology.be\/en\/wp-json\/wp\/v2\/base?post=420"},{"taxonomy":"finition","embeddable":true,"href":"https:\/\/axistechnology.be\/en\/wp-json\/wp\/v2\/finition?post=420"},{"taxonomy":"fonction","embeddable":true,"href":"https:\/\/axistechnology.be\/en\/wp-json\/wp\/v2\/fonction?post=420"},{"taxonomy":"gamme","embeddable":true,"href":"https:\/\/axistechnology.be\/en\/wp-json\/wp\/v2\/gamme?post=420"},{"taxonomy":"surface-cible","embeddable":true,"href":"https:\/\/axistechnology.be\/en\/wp-json\/wp\/v2\/surface-cible?post=420"},{"taxonomy":"systeme","embeddable":true,"href":"https:\/\/axistechnology.be\/en\/wp-json\/wp\/v2\/systeme?post=420"},{"taxonomy":"utilisation","embeddable":true,"href":"https:\/\/axistechnology.be\/en\/wp-json\/wp\/v2\/utilisation?post=420"},{"taxonomy":"product_brand","embeddable":true,"href":"https:\/\/axistechnology.be\/en\/wp-json\/wp\/v2\/product_brand?post=420"},{"taxonomy":"product_cat","embeddable":true,"href":"https:\/\/axistechnology.be\/en\/wp-json\/wp\/v2\/product_cat?post=420"},{"taxonomy":"product_tag","embeddable":true,"href":"https:\/\/axistechnology.be\/en\/wp-json\/wp\/v2\/product_tag?post=420"}],"curies":[{"name":"wp","href":"https:\/\/api.w.org\/{rel}","templated":true}]}}