{"id":415,"date":"2023-12-27T17:24:07","date_gmt":"2023-12-27T16:24:07","guid":{"rendered":"https:\/\/axistechnology.be\/?post_type=product&#038;p=415"},"modified":"2024-05-02T15:46:32","modified_gmt":"2024-05-02T13:46:32","slug":"eclon-pur-acr-2k-email-brillant","status":"publish","type":"product","link":"https:\/\/axistechnology.be\/en\/product\/eclon-pur-acr-2k-email-brillant\/","title":{"rendered":"ECLON PUR ACR 2K-Email brillant"},"content":{"rendered":"<p>2K-Peinture finition brillant &#8211; R\u00e9sistance \u00e0 l&rsquo;humidit\u00e9, sels, solvants et agent chimiques<\/p>","protected":false},"excerpt":{"rendered":"<p>2K-Peinture finition brillant &#8211; R\u00e9sistance \u00e0 l&rsquo;humidit\u00e9, sels, solvants et agent chimiques<\/p>","protected":false},"featured_media":922,"comment_status":"open","ping_status":"closed","template":"","meta":{"_acf_changed":false,"_kad_post_transparent":"default","_kad_post_title":"","_kad_post_layout":"default","_kad_post_sidebar_id":"","_kad_post_content_style":"default","_kad_post_vertical_padding":"default","_kad_post_feature":"","_kad_post_feature_position":"","_kad_post_header":false,"_kad_post_footer":false,"_kad_post_classname":""},"application":[34,70,32],"base":[36],"finition":[38],"fonction":[21,54,23],"gamme":[13],"surface-cible":[],"systeme":[20],"utilisation":[18],"product_brand":[],"product_cat":[53],"product_tag":[],"class_list":{"0":"post-415","1":"product","2":"type-product","3":"status-publish","4":"has-post-thumbnail","6":"application-aerosol","7":"application-pinceau","8":"application-rouleau","9":"base-solvant","10":"finition-brillant","11":"fonction-anticorrosion","12":"fonction-resistance-a-lhumidite","13":"fonction-resistance-chimique","14":"gamme-eclon","15":"systeme-finition","16":"utilisation-exterieur","17":"product_cat-peintures","19":"first","20":"instock","21":"shipping-taxable","22":"product-type-simple","23":"entry","24":"content-bg","25":"loop-entry"},"acf":[],"_links":{"self":[{"href":"https:\/\/axistechnology.be\/en\/wp-json\/wp\/v2\/product\/415","targetHints":{"allow":["GET"]}}],"collection":[{"href":"https:\/\/axistechnology.be\/en\/wp-json\/wp\/v2\/product"}],"about":[{"href":"https:\/\/axistechnology.be\/en\/wp-json\/wp\/v2\/types\/product"}],"replies":[{"embeddable":true,"href":"https:\/\/axistechnology.be\/en\/wp-json\/wp\/v2\/comments?post=415"}],"wp:featuredmedia":[{"embeddable":true,"href":"https:\/\/axistechnology.be\/en\/wp-json\/wp\/v2\/media\/922"}],"wp:attachment":[{"href":"https:\/\/axistechnology.be\/en\/wp-json\/wp\/v2\/media?parent=415"}],"wp:term":[{"taxonomy":"application","embeddable":true,"href":"https:\/\/axistechnology.be\/en\/wp-json\/wp\/v2\/application?post=415"},{"taxonomy":"base","embeddable":true,"href":"https:\/\/axistechnology.be\/en\/wp-json\/wp\/v2\/base?post=415"},{"taxonomy":"finition","embeddable":true,"href":"https:\/\/axistechnology.be\/en\/wp-json\/wp\/v2\/finition?post=415"},{"taxonomy":"fonction","embeddable":true,"href":"https:\/\/axistechnology.be\/en\/wp-json\/wp\/v2\/fonction?post=415"},{"taxonomy":"gamme","embeddable":true,"href":"https:\/\/axistechnology.be\/en\/wp-json\/wp\/v2\/gamme?post=415"},{"taxonomy":"surface-cible","embeddable":true,"href":"https:\/\/axistechnology.be\/en\/wp-json\/wp\/v2\/surface-cible?post=415"},{"taxonomy":"systeme","embeddable":true,"href":"https:\/\/axistechnology.be\/en\/wp-json\/wp\/v2\/systeme?post=415"},{"taxonomy":"utilisation","embeddable":true,"href":"https:\/\/axistechnology.be\/en\/wp-json\/wp\/v2\/utilisation?post=415"},{"taxonomy":"product_brand","embeddable":true,"href":"https:\/\/axistechnology.be\/en\/wp-json\/wp\/v2\/product_brand?post=415"},{"taxonomy":"product_cat","embeddable":true,"href":"https:\/\/axistechnology.be\/en\/wp-json\/wp\/v2\/product_cat?post=415"},{"taxonomy":"product_tag","embeddable":true,"href":"https:\/\/axistechnology.be\/en\/wp-json\/wp\/v2\/product_tag?post=415"}],"curies":[{"name":"wp","href":"https:\/\/api.w.org\/{rel}","templated":true}]}}