{"id":411,"date":"2023-12-27T17:20:12","date_gmt":"2023-12-27T16:20:12","guid":{"rendered":"https:\/\/axistechnology.be\/?post_type=product&#038;p=411"},"modified":"2024-05-02T15:49:59","modified_gmt":"2024-05-02T13:49:59","slug":"eclon-pur-ds-2k-revetement-de-finition-satine","status":"publish","type":"product","link":"https:\/\/axistechnology.be\/en\/product\/eclon-pur-ds-2k-revetement-de-finition-satine\/","title":{"rendered":"ECLON PUR DS 2K-rev\u00eatement de finition satin\u00e9"},"content":{"rendered":"<p>2K-Peinture finition satin\u00e9 &#8211; R\u00e9sistance aux intemp\u00e9ries<\/p>","protected":false},"excerpt":{"rendered":"<p>2K-Peinture finition satin\u00e9 &#8211; R\u00e9sistance aux intemp\u00e9ries<\/p>","protected":false},"featured_media":922,"comment_status":"open","ping_status":"closed","template":"","meta":{"_acf_changed":false,"_kad_post_transparent":"default","_kad_post_title":"","_kad_post_layout":"default","_kad_post_sidebar_id":"","_kad_post_content_style":"default","_kad_post_vertical_padding":"default","_kad_post_feature":"","_kad_post_feature_position":"","_kad_post_header":false,"_kad_post_footer":false,"_kad_post_classname":""},"application":[34,70,32],"base":[36],"finition":[37],"fonction":[21,56],"gamme":[13],"surface-cible":[],"systeme":[20],"utilisation":[18,17],"product_brand":[],"product_cat":[53],"product_tag":[],"class_list":{"0":"post-411","1":"product","2":"type-product","3":"status-publish","4":"has-post-thumbnail","6":"application-aerosol","7":"application-pinceau","8":"application-rouleau","9":"base-solvant","10":"finition-satine","11":"fonction-anticorrosion","12":"fonction-resistance-mecanique","13":"gamme-eclon","14":"systeme-finition","15":"utilisation-exterieur","16":"utilisation-interieur","17":"product_cat-peintures","19":"first","20":"instock","21":"shipping-taxable","22":"product-type-simple","23":"entry","24":"content-bg","25":"loop-entry"},"acf":[],"_links":{"self":[{"href":"https:\/\/axistechnology.be\/en\/wp-json\/wp\/v2\/product\/411","targetHints":{"allow":["GET"]}}],"collection":[{"href":"https:\/\/axistechnology.be\/en\/wp-json\/wp\/v2\/product"}],"about":[{"href":"https:\/\/axistechnology.be\/en\/wp-json\/wp\/v2\/types\/product"}],"replies":[{"embeddable":true,"href":"https:\/\/axistechnology.be\/en\/wp-json\/wp\/v2\/comments?post=411"}],"wp:featuredmedia":[{"embeddable":true,"href":"https:\/\/axistechnology.be\/en\/wp-json\/wp\/v2\/media\/922"}],"wp:attachment":[{"href":"https:\/\/axistechnology.be\/en\/wp-json\/wp\/v2\/media?parent=411"}],"wp:term":[{"taxonomy":"application","embeddable":true,"href":"https:\/\/axistechnology.be\/en\/wp-json\/wp\/v2\/application?post=411"},{"taxonomy":"base","embeddable":true,"href":"https:\/\/axistechnology.be\/en\/wp-json\/wp\/v2\/base?post=411"},{"taxonomy":"finition","embeddable":true,"href":"https:\/\/axistechnology.be\/en\/wp-json\/wp\/v2\/finition?post=411"},{"taxonomy":"fonction","embeddable":true,"href":"https:\/\/axistechnology.be\/en\/wp-json\/wp\/v2\/fonction?post=411"},{"taxonomy":"gamme","embeddable":true,"href":"https:\/\/axistechnology.be\/en\/wp-json\/wp\/v2\/gamme?post=411"},{"taxonomy":"surface-cible","embeddable":true,"href":"https:\/\/axistechnology.be\/en\/wp-json\/wp\/v2\/surface-cible?post=411"},{"taxonomy":"systeme","embeddable":true,"href":"https:\/\/axistechnology.be\/en\/wp-json\/wp\/v2\/systeme?post=411"},{"taxonomy":"utilisation","embeddable":true,"href":"https:\/\/axistechnology.be\/en\/wp-json\/wp\/v2\/utilisation?post=411"},{"taxonomy":"product_brand","embeddable":true,"href":"https:\/\/axistechnology.be\/en\/wp-json\/wp\/v2\/product_brand?post=411"},{"taxonomy":"product_cat","embeddable":true,"href":"https:\/\/axistechnology.be\/en\/wp-json\/wp\/v2\/product_cat?post=411"},{"taxonomy":"product_tag","embeddable":true,"href":"https:\/\/axistechnology.be\/en\/wp-json\/wp\/v2\/product_tag?post=411"}],"curies":[{"name":"wp","href":"https:\/\/api.w.org\/{rel}","templated":true}]}}