{"id":377,"date":"2023-12-27T16:09:24","date_gmt":"2023-12-27T15:09:24","guid":{"rendered":"https:\/\/axistechnology.be\/?post_type=product&#038;p=377"},"modified":"2024-05-02T16:01:02","modified_gmt":"2024-05-02T14:01:02","slug":"fluxal-9707","status":"publish","type":"product","link":"https:\/\/axistechnology.be\/en\/product\/fluxal-9707\/","title":{"rendered":"Fluxal 9707"},"content":{"rendered":"<p>1K-Peinture\u00a0 &#8211; Peinture aluminium de haute protection anticorrosion pour acier m\u00eame corrod\u00e9 jusqu&rsquo;\u00e0 650\u00b0C<\/p>\n<p>Fluxal 9707 s&rsquo;appliquent au pinceau, au rouleau ou en pulv\u00e9risation avec ou sans air<\/p>","protected":false},"excerpt":{"rendered":"<p>1K-Peinture\u00a0 &#8211; Peinture aluminium de haute protection anticorrosion pour acier m\u00eame corrod\u00e9 jusqu&rsquo;\u00e0 650\u00b0C<\/p>","protected":false},"featured_media":922,"comment_status":"open","ping_status":"closed","template":"","meta":{"_acf_changed":false,"_kad_post_transparent":"default","_kad_post_title":"","_kad_post_layout":"default","_kad_post_sidebar_id":"","_kad_post_content_style":"default","_kad_post_vertical_padding":"default","_kad_post_feature":"","_kad_post_feature_position":"","_kad_post_header":false,"_kad_post_footer":false,"_kad_post_classname":""},"application":[34,71,70,32],"base":[36],"finition":[38],"fonction":[25],"gamme":[8],"surface-cible":[9],"systeme":[20],"utilisation":[18,17],"product_brand":[],"product_cat":[53],"product_tag":[],"class_list":{"0":"post-377","1":"product","2":"type-product","3":"status-publish","4":"has-post-thumbnail","6":"application-aerosol","7":"application-airless","8":"application-pinceau","9":"application-rouleau","10":"base-solvant","11":"finition-brillant","12":"fonction-resistances-aux-ph-acides","13":"gamme-fluxal","14":"surface-cible-galvanise","15":"systeme-finition","16":"utilisation-exterieur","17":"utilisation-interieur","18":"product_cat-peintures","20":"first","21":"instock","22":"shipping-taxable","23":"product-type-simple","24":"entry","25":"content-bg","26":"loop-entry"},"acf":[],"_links":{"self":[{"href":"https:\/\/axistechnology.be\/en\/wp-json\/wp\/v2\/product\/377","targetHints":{"allow":["GET"]}}],"collection":[{"href":"https:\/\/axistechnology.be\/en\/wp-json\/wp\/v2\/product"}],"about":[{"href":"https:\/\/axistechnology.be\/en\/wp-json\/wp\/v2\/types\/product"}],"replies":[{"embeddable":true,"href":"https:\/\/axistechnology.be\/en\/wp-json\/wp\/v2\/comments?post=377"}],"wp:featuredmedia":[{"embeddable":true,"href":"https:\/\/axistechnology.be\/en\/wp-json\/wp\/v2\/media\/922"}],"wp:attachment":[{"href":"https:\/\/axistechnology.be\/en\/wp-json\/wp\/v2\/media?parent=377"}],"wp:term":[{"taxonomy":"application","embeddable":true,"href":"https:\/\/axistechnology.be\/en\/wp-json\/wp\/v2\/application?post=377"},{"taxonomy":"base","embeddable":true,"href":"https:\/\/axistechnology.be\/en\/wp-json\/wp\/v2\/base?post=377"},{"taxonomy":"finition","embeddable":true,"href":"https:\/\/axistechnology.be\/en\/wp-json\/wp\/v2\/finition?post=377"},{"taxonomy":"fonction","embeddable":true,"href":"https:\/\/axistechnology.be\/en\/wp-json\/wp\/v2\/fonction?post=377"},{"taxonomy":"gamme","embeddable":true,"href":"https:\/\/axistechnology.be\/en\/wp-json\/wp\/v2\/gamme?post=377"},{"taxonomy":"surface-cible","embeddable":true,"href":"https:\/\/axistechnology.be\/en\/wp-json\/wp\/v2\/surface-cible?post=377"},{"taxonomy":"systeme","embeddable":true,"href":"https:\/\/axistechnology.be\/en\/wp-json\/wp\/v2\/systeme?post=377"},{"taxonomy":"utilisation","embeddable":true,"href":"https:\/\/axistechnology.be\/en\/wp-json\/wp\/v2\/utilisation?post=377"},{"taxonomy":"product_brand","embeddable":true,"href":"https:\/\/axistechnology.be\/en\/wp-json\/wp\/v2\/product_brand?post=377"},{"taxonomy":"product_cat","embeddable":true,"href":"https:\/\/axistechnology.be\/en\/wp-json\/wp\/v2\/product_cat?post=377"},{"taxonomy":"product_tag","embeddable":true,"href":"https:\/\/axistechnology.be\/en\/wp-json\/wp\/v2\/product_tag?post=377"}],"curies":[{"name":"wp","href":"https:\/\/api.w.org\/{rel}","templated":true}]}}