{"id":850,"date":"2024-04-09T16:53:10","date_gmt":"2024-04-09T14:53:10","guid":{"rendered":"https:\/\/axistechnology.be\/?page_id=850"},"modified":"2024-05-08T14:32:40","modified_gmt":"2024-05-08T12:32:40","slug":"peintures-2","status":"publish","type":"page","link":"https:\/\/axistechnology.be\/en\/peintures-2\/","title":{"rendered":"PAINTS"},"content":{"rendered":"<style>.kb-row-layout-id850_f63936-df > .kt-row-column-wrap{align-content:start;}:where(.kb-row-layout-id850_f63936-df > .kt-row-column-wrap) > .wp-block-kadence-column{justify-content:start;}.kb-row-layout-id850_f63936-df > .kt-row-column-wrap{column-gap:var(--global-kb-gap-md, 2rem);row-gap:var(--global-kb-gap-md, 2rem);padding-bottom:var(--global-kb-spacing-sm, 1.5rem);}.kb-row-layout-id850_f63936-df > .kt-row-column-wrap > div:not(.added-for-specificity){grid-column:initial;}.kb-row-layout-id850_f63936-df > .kt-row-column-wrap{grid-template-columns:minmax(0, 1fr);}.kb-row-layout-id850_f63936-df > .kt-row-layout-overlay{opacity:0.30;}@media all and (max-width: 1024px){.kb-row-layout-id850_f63936-df > .kt-row-column-wrap > div:not(.added-for-specificity){grid-column:initial;}}@media all and (max-width: 1024px){.kb-row-layout-id850_f63936-df > .kt-row-column-wrap{grid-template-columns:minmax(0, 1fr);}}@media all and (max-width: 767px){.kb-row-layout-id850_f63936-df > .kt-row-column-wrap > div:not(.added-for-specificity){grid-column:initial;}.kb-row-layout-id850_f63936-df > .kt-row-column-wrap{grid-template-columns:minmax(0, 1fr);}}<\/style><div class=\"kb-row-layout-wrap kb-row-layout-id850_f63936-df alignnone wp-block-kadence-rowlayout\"><div class=\"kt-row-column-wrap kt-has-5-columns kt-row-layout-row kt-tab-layout-inherit kt-mobile-layout-row kt-row-valign-top\">\n<style>.kadence-column850_0266bc-bf > .kt-inside-inner-col{display:flex;}.kadence-column850_0266bc-bf > .kt-inside-inner-col{min-height:350px;}.kadence-column850_0266bc-bf > .kt-inside-inner-col,.kadence-column850_0266bc-bf > .kt-inside-inner-col:before{border-top-left-radius:0px;border-top-right-radius:0px;border-bottom-right-radius:0px;border-bottom-left-radius:0px;}.kadence-column850_0266bc-bf > .kt-inside-inner-col{column-gap:var(--global-kb-gap-sm, 1rem);}.kadence-column850_0266bc-bf > .kt-inside-inner-col{flex-direction:column;justify-content:center;}.kadence-column850_0266bc-bf > .kt-inside-inner-col > .aligncenter{width:100%;}.kt-row-column-wrap > .kadence-column850_0266bc-bf{align-self:center;}.kt-inner-column-height-full:not(.kt-has-1-columns) > .wp-block-kadence-column.kadence-column850_0266bc-bf{align-self:auto;}.kt-inner-column-height-full:not(.kt-has-1-columns) > .wp-block-kadence-column.kadence-column850_0266bc-bf > .kt-inside-inner-col{flex-direction:column;justify-content:center;}.kadence-column850_0266bc-bf > .kt-inside-inner-col{background-image:url('https:\/\/axistechnology.be\/wp-content\/uploads\/2024\/04\/3.jpg');background-size:cover;background-position:46% 13%;background-attachment:scroll;background-repeat:no-repeat;}.kadence-column850_0266bc-bf > .kt-inside-inner-col:before{opacity:0.3;}.kadence-column850_0266bc-bf{position:relative;}@media all and (max-width: 1024px){.kt-row-column-wrap > .kadence-column850_0266bc-bf{align-self:center;}}@media all and (max-width: 1024px){.kt-inner-column-height-full:not(.kt-has-1-columns) > .wp-block-kadence-column.kadence-column850_0266bc-bf{align-self:auto;}}@media all and (max-width: 1024px){.kt-inner-column-height-full:not(.kt-has-1-columns) > .wp-block-kadence-column.kadence-column850_0266bc-bf > .kt-inside-inner-col{flex-direction:column;justify-content:center;}}@media all and (max-width: 1024px){.kadence-column850_0266bc-bf > .kt-inside-inner-col{flex-direction:column;justify-content:center;}}@media all and (max-width: 767px){.kt-row-column-wrap > .kadence-column850_0266bc-bf{align-self:center;}.kt-inner-column-height-full:not(.kt-has-1-columns) > .wp-block-kadence-column.kadence-column850_0266bc-bf{align-self:auto;}.kt-inner-column-height-full:not(.kt-has-1-columns) > .wp-block-kadence-column.kadence-column850_0266bc-bf > .kt-inside-inner-col{flex-direction:column;justify-content:center;}.kadence-column850_0266bc-bf > .kt-inside-inner-col{flex-direction:column;justify-content:center;}}<\/style>\n<div class=\"wp-block-kadence-column kadence-column850_0266bc-bf\"><div class=\"kt-inside-inner-col\"><style>.wp-block-kadence-advancedheading.kt-adv-heading850_0bcc54-8e, .wp-block-kadence-advancedheading.kt-adv-heading850_0bcc54-8e[data-kb-block=\"kb-adv-heading850_0bcc54-8e\"]{text-align:center;font-size:var(--global-kb-font-size-xl, 3rem);font-style:normal;text-shadow:2px 2px 2px rgba(0, 0, 0, 0.2);}.wp-block-kadence-advancedheading.kt-adv-heading850_0bcc54-8e mark.kt-highlight, .wp-block-kadence-advancedheading.kt-adv-heading850_0bcc54-8e[data-kb-block=\"kb-adv-heading850_0bcc54-8e\"] mark.kt-highlight{font-style:normal;color:#f76a0c;-webkit-box-decoration-break:clone;box-decoration-break:clone;padding-top:0px;padding-right:0px;padding-bottom:0px;padding-left:0px;}@media all and (max-width: 1024px){.wp-block-kadence-advancedheading.kt-adv-heading850_0bcc54-8e, .wp-block-kadence-advancedheading.kt-adv-heading850_0bcc54-8e[data-kb-block=\"kb-adv-heading850_0bcc54-8e\"]{text-shadow:2px 2px 2px rgba(0, 0, 0, 0.2);}}@media all and (max-width: 767px){.wp-block-kadence-advancedheading.kt-adv-heading850_0bcc54-8e, .wp-block-kadence-advancedheading.kt-adv-heading850_0bcc54-8e[data-kb-block=\"kb-adv-heading850_0bcc54-8e\"]{text-shadow:2px 2px 2px rgba(0, 0, 0, 0.2);}}<\/style>\n<h2 class=\"kt-adv-heading850_0bcc54-8e wp-block-kadence-advancedheading has-theme-palette-9-color has-text-color\" data-kb-block=\"kb-adv-heading850_0bcc54-8e\">PEINTURES SPECIALES ET REVETEMENTS<\/h2>\n<\/div><\/div>\n\n\n<style>.kadence-column850_e5ffe1-07 > .kt-inside-inner-col,.kadence-column850_e5ffe1-07 > .kt-inside-inner-col:before{border-top-left-radius:0px;border-top-right-radius:0px;border-bottom-right-radius:0px;border-bottom-left-radius:0px;}.kadence-column850_e5ffe1-07 > .kt-inside-inner-col{column-gap:var(--global-kb-gap-sm, 1rem);}.kadence-column850_e5ffe1-07 > .kt-inside-inner-col{flex-direction:column;}.kadence-column850_e5ffe1-07 > .kt-inside-inner-col > .aligncenter{width:100%;}.kadence-column850_e5ffe1-07 > .kt-inside-inner-col:before{opacity:0.3;}.kadence-column850_e5ffe1-07{position:relative;}@media all and (max-width: 1024px){.kadence-column850_e5ffe1-07 > .kt-inside-inner-col{flex-direction:column;justify-content:center;}}@media all and (max-width: 767px){.kadence-column850_e5ffe1-07 > .kt-inside-inner-col{flex-direction:column;justify-content:center;}}<\/style>\n<div class=\"wp-block-kadence-column kadence-column850_e5ffe1-07\"><div class=\"kt-inside-inner-col\">\n<p class=\"has-text-align-center translation-block\">We propose a wide range of special paints and high-tech coatings for protection against water, corrosion and wear, resistant to high temperatures, electrical currents, humidity and chemical agents. Some of our products advantageously replace hot-dip galvanizing, without having the disadvantages.<\/p>\n\n\n\n<p class=\"has-text-align-center translation-block\">Our polyurethane-based products are characterized by their very high resistance to humidity, salts, bad weather, solvents, industrial dirt and chemical agents.<\/p>\n<\/div><\/div>\n\n\n<style>.kadence-column850_cdaed5-38 > .kt-inside-inner-col,.kadence-column850_cdaed5-38 > .kt-inside-inner-col:before{border-top-left-radius:0px;border-top-right-radius:0px;border-bottom-right-radius:0px;border-bottom-left-radius:0px;}.kadence-column850_cdaed5-38 > .kt-inside-inner-col{column-gap:var(--global-kb-gap-sm, 1rem);}.kadence-column850_cdaed5-38 > .kt-inside-inner-col{flex-direction:column;}.kadence-column850_cdaed5-38 > .kt-inside-inner-col > .aligncenter{width:100%;}.kadence-column850_cdaed5-38 > .kt-inside-inner-col:before{opacity:0.3;}.kadence-column850_cdaed5-38{position:relative;}@media all and (max-width: 1024px){.kadence-column850_cdaed5-38 > .kt-inside-inner-col{flex-direction:column;justify-content:center;}}@media all and (max-width: 767px){.kadence-column850_cdaed5-38 > .kt-inside-inner-col{flex-direction:column;justify-content:center;}}<\/style>\n<div class=\"wp-block-kadence-column kadence-column850_cdaed5-38\"><div class=\"kt-inside-inner-col\">\n<p class=\"has-text-align-center translation-block\">Our paints and coatings are extremely simple to apply even in the harshest conditions and with extremely rapid curing. Their lifespan is much longer than that of competitors and they have a multitude of applications:<\/p>\n<\/div><\/div>\n\n\n<style>.kadence-column850_2a2915-2c > .kt-inside-inner-col{display:flex;}.kadence-column850_2a2915-2c > .kt-inside-inner-col,.kadence-column850_2a2915-2c > .kt-inside-inner-col:before{border-top-left-radius:0px;border-top-right-radius:0px;border-bottom-right-radius:0px;border-bottom-left-radius:0px;}.kadence-column850_2a2915-2c > .kt-inside-inner-col{column-gap:var(--global-kb-gap-sm, 1rem);}.kadence-column850_2a2915-2c > .kt-inside-inner-col{flex-direction:column;justify-content:flex-start;align-items:center;}.kadence-column850_2a2915-2c > .kt-inside-inner-col > .kb-image-is-ratio-size{align-self:stretch;}.kadence-column850_2a2915-2c > .kt-inside-inner-col > .wp-block-kadence-advancedgallery{align-self:stretch;}.kadence-column850_2a2915-2c > .kt-inside-inner-col > .aligncenter{width:100%;}.kt-row-column-wrap > .kadence-column850_2a2915-2c{align-self:flex-start;}.kt-inner-column-height-full:not(.kt-has-1-columns) > .wp-block-kadence-column.kadence-column850_2a2915-2c{align-self:auto;}.kt-inner-column-height-full:not(.kt-has-1-columns) > .wp-block-kadence-column.kadence-column850_2a2915-2c > .kt-inside-inner-col{flex-direction:column;justify-content:flex-start;}.kadence-column850_2a2915-2c > .kt-inside-inner-col:before{opacity:0.3;}.kadence-column850_2a2915-2c{position:relative;}@media all and (max-width: 1024px){.kt-row-column-wrap > .kadence-column850_2a2915-2c{align-self:flex-start;}}@media all and (max-width: 1024px){.kt-inner-column-height-full:not(.kt-has-1-columns) > .wp-block-kadence-column.kadence-column850_2a2915-2c{align-self:auto;}}@media all and (max-width: 1024px){.kt-inner-column-height-full:not(.kt-has-1-columns) > .wp-block-kadence-column.kadence-column850_2a2915-2c > .kt-inside-inner-col{flex-direction:column;justify-content:flex-start;}}@media all and (max-width: 1024px){.kadence-column850_2a2915-2c > .kt-inside-inner-col{flex-direction:column;justify-content:flex-start;align-items:center;}}@media all and (max-width: 767px){.kt-row-column-wrap > .kadence-column850_2a2915-2c{align-self:flex-start;}.kt-inner-column-height-full:not(.kt-has-1-columns) > .wp-block-kadence-column.kadence-column850_2a2915-2c{align-self:auto;}.kt-inner-column-height-full:not(.kt-has-1-columns) > .wp-block-kadence-column.kadence-column850_2a2915-2c > .kt-inside-inner-col{flex-direction:column;justify-content:flex-start;}.kadence-column850_2a2915-2c > .kt-inside-inner-col{flex-direction:column;justify-content:flex-start;align-items:center;}}<\/style>\n<div class=\"wp-block-kadence-column kadence-column850_2a2915-2c\"><div class=\"kt-inside-inner-col\">\n<ul class=\"wp-block-list\">\n<li>Railroads<\/li>\n\n\n\n<li>Pipelines<\/li>\n\n\n\n<li>Hydroelectricity and energy<\/li>\n\n\n\n<li>Metal construction and civil engineering<\/li>\n\n\n\n<li>Refineries<\/li>\n\n\n\n<li>Marine protection<\/li>\n\n\n\n<li>Protection marine<\/li>\n<\/ul>\n<\/div><\/div>\n\n\n<style>.kadence-column850_af5154-8f > .kt-inside-inner-col,.kadence-column850_af5154-8f > .kt-inside-inner-col:before{border-top-left-radius:0px;border-top-right-radius:0px;border-bottom-right-radius:0px;border-bottom-left-radius:0px;}.kadence-column850_af5154-8f > .kt-inside-inner-col{column-gap:var(--global-kb-gap-sm, 1rem);}.kadence-column850_af5154-8f > .kt-inside-inner-col{flex-direction:column;}.kadence-column850_af5154-8f > .kt-inside-inner-col > .aligncenter{width:100%;}.kadence-column850_af5154-8f > .kt-inside-inner-col:before{opacity:0.3;}.kadence-column850_af5154-8f{position:relative;}@media all and (max-width: 1024px){.kadence-column850_af5154-8f > .kt-inside-inner-col{flex-direction:column;justify-content:center;}}@media all and (max-width: 767px){.kadence-column850_af5154-8f > .kt-inside-inner-col{flex-direction:column;justify-content:center;}}<\/style>\n<div class=\"wp-block-kadence-column kadence-column850_af5154-8f\"><div class=\"kt-inside-inner-col\"><style>.wp-block-kadence-advancedbtn.kb-btns850_910c6e-b0{gap:var(--global-kb-gap-xs, 0.5rem );justify-content:center;align-items:center;}.kt-btns850_910c6e-b0 .kt-button{font-weight:normal;font-style:normal;}.kt-btns850_910c6e-b0 .kt-btn-wrap-0{margin-right:5px;}.wp-block-kadence-advancedbtn.kt-btns850_910c6e-b0 .kt-btn-wrap-0 .kt-button{color:#555555;border-color:#555555;}.wp-block-kadence-advancedbtn.kt-btns850_910c6e-b0 .kt-btn-wrap-0 .kt-button:hover, .wp-block-kadence-advancedbtn.kt-btns850_910c6e-b0 .kt-btn-wrap-0 .kt-button:focus{color:#ffffff;border-color:#444444;}.wp-block-kadence-advancedbtn.kt-btns850_910c6e-b0 .kt-btn-wrap-0 .kt-button::before{display:none;}.wp-block-kadence-advancedbtn.kt-btns850_910c6e-b0 .kt-btn-wrap-0 .kt-button:hover, .wp-block-kadence-advancedbtn.kt-btns850_910c6e-b0 .kt-btn-wrap-0 .kt-button:focus{background:#444444;}<\/style>\n<div class=\"wp-block-kadence-advancedbtn kb-buttons-wrap kb-btns850_910c6e-b0\"><style>ul.menu .wp-block-kadence-advancedbtn .kb-btn850_dec671-8a.kb-button{width:initial;}<\/style><a class=\"kb-button kt-button button kb-btn850_dec671-8a kt-btn-size-standard kt-btn-width-type-auto kb-btn-global-fill kt-btn-has-text-true kt-btn-has-svg-false wp-block-kadence-singlebtn\" href=\"https:\/\/axistechnology.be\/en\/boutique\/\"><span class=\"kt-btn-inner-text\">Notre gamme de peintures<\/span><\/a><\/div>\n<\/div><\/div>\n\n<\/div><\/div>\n\n\n<p><br><\/p>","protected":false},"excerpt":{"rendered":"<p>PEINTURES SPECIALES ET REVETEMENTS Nous proposons une large gamme de peintures sp\u00e9ciales et rev\u00eatements de hautetechnologie pour la protection contre l\u2019eau, la corrosion et l&rsquo;usure, r\u00e9sistants aux hautestemp\u00e9ratures, aux courants \u00e9lectriques, \u00e0 l\u2019humidit\u00e9 et aux agents chimiques. Certains denos produits remplacent avantageusement la galvanisation \u00e0 chaud, sans en avoir lesinconv\u00e9nients. Nos produits \u00e0 base de&#8230;<\/p>","protected":false},"author":1,"featured_media":0,"parent":0,"menu_order":0,"comment_status":"closed","ping_status":"closed","template":"","meta":{"_acf_changed":false,"_kad_post_transparent":"","_kad_post_title":"","_kad_post_layout":"","_kad_post_sidebar_id":"","_kad_post_content_style":"","_kad_post_vertical_padding":"","_kad_post_feature":"","_kad_post_feature_position":"","_kad_post_header":false,"_kad_post_footer":false,"_kad_post_classname":"","footnotes":""},"class_list":["post-850","page","type-page","status-publish","hentry"],"acf":[],"_links":{"self":[{"href":"https:\/\/axistechnology.be\/en\/wp-json\/wp\/v2\/pages\/850","targetHints":{"allow":["GET"]}}],"collection":[{"href":"https:\/\/axistechnology.be\/en\/wp-json\/wp\/v2\/pages"}],"about":[{"href":"https:\/\/axistechnology.be\/en\/wp-json\/wp\/v2\/types\/page"}],"author":[{"embeddable":true,"href":"https:\/\/axistechnology.be\/en\/wp-json\/wp\/v2\/users\/1"}],"replies":[{"embeddable":true,"href":"https:\/\/axistechnology.be\/en\/wp-json\/wp\/v2\/comments?post=850"}],"version-history":[{"count":19,"href":"https:\/\/axistechnology.be\/en\/wp-json\/wp\/v2\/pages\/850\/revisions"}],"predecessor-version":[{"id":1114,"href":"https:\/\/axistechnology.be\/en\/wp-json\/wp\/v2\/pages\/850\/revisions\/1114"}],"wp:attachment":[{"href":"https:\/\/axistechnology.be\/en\/wp-json\/wp\/v2\/media?parent=850"}],"curies":[{"name":"wp","href":"https:\/\/api.w.org\/{rel}","templated":true}]}}