{"id":69,"date":"2023-12-20T14:12:34","date_gmt":"2023-12-20T13:12:34","guid":{"rendered":"https:\/\/axistechnology.be\/?page_id=69"},"modified":"2024-12-05T17:19:56","modified_gmt":"2024-12-05T16:19:56","slug":"mentions-legales","status":"publish","type":"page","link":"https:\/\/axistechnology.be\/en\/mentions-legales\/","title":{"rendered":"Legal Notice"},"content":{"rendered":"<style>.kb-row-layout-id69_0fffa0-1e > .kt-row-column-wrap{align-content:start;}:where(.kb-row-layout-id69_0fffa0-1e > .kt-row-column-wrap) > .wp-block-kadence-column{justify-content:start;}.kb-row-layout-id69_0fffa0-1e > .kt-row-column-wrap{column-gap:var(--global-kb-gap-md, 2rem);row-gap:var(--global-kb-gap-md, 2rem);max-width:var( --global-content-width, 1290px );padding-left:var(--global-content-edge-padding);padding-right:var(--global-content-edge-padding);padding-top:var(--global-kb-spacing-xxl, 5rem);padding-bottom:var(--global-kb-spacing-sm, 1.5rem);grid-template-columns:minmax(0, 1fr);}.kb-row-layout-id69_0fffa0-1e > .kt-row-layout-overlay{opacity:0.30;}@media all and (max-width: 1024px){.kb-row-layout-id69_0fffa0-1e > .kt-row-column-wrap{grid-template-columns:minmax(0, 1fr);}}@media all and (max-width: 767px){.kb-row-layout-id69_0fffa0-1e > .kt-row-column-wrap{grid-template-columns:minmax(0, 1fr);}}<\/style><div class=\"kb-row-layout-wrap kb-row-layout-id69_0fffa0-1e alignnone wp-block-kadence-rowlayout\"><div class=\"kt-row-column-wrap kt-has-1-columns kt-row-layout-equal kt-tab-layout-inherit kt-mobile-layout-row kt-row-valign-top kb-theme-content-width\">\n<style>.kadence-column69_cc97f6-b3 > .kt-inside-inner-col,.kadence-column69_cc97f6-b3 > .kt-inside-inner-col:before{border-top-left-radius:0px;border-top-right-radius:0px;border-bottom-right-radius:0px;border-bottom-left-radius:0px;}.kadence-column69_cc97f6-b3 > .kt-inside-inner-col{column-gap:var(--global-kb-gap-sm, 1rem);}.kadence-column69_cc97f6-b3 > .kt-inside-inner-col{flex-direction:column;}.kadence-column69_cc97f6-b3 > .kt-inside-inner-col > .aligncenter{width:100%;}.kadence-column69_cc97f6-b3 > .kt-inside-inner-col:before{opacity:0.3;}.kadence-column69_cc97f6-b3{position:relative;}@media all and (max-width: 1024px){.kadence-column69_cc97f6-b3 > .kt-inside-inner-col{flex-direction:column;justify-content:center;}}@media all and (max-width: 767px){.kadence-column69_cc97f6-b3 > .kt-inside-inner-col{flex-direction:column;justify-content:center;}}<\/style>\n<div class=\"wp-block-kadence-column kadence-column69_cc97f6-b3\"><div class=\"kt-inside-inner-col\"><style>.wp-block-kadence-advancedheading.kt-adv-heading69_32bb6b-fa, .wp-block-kadence-advancedheading.kt-adv-heading69_32bb6b-fa[data-kb-block=\"kb-adv-heading69_32bb6b-fa\"]{font-style:normal;}.wp-block-kadence-advancedheading.kt-adv-heading69_32bb6b-fa mark.kt-highlight, .wp-block-kadence-advancedheading.kt-adv-heading69_32bb6b-fa[data-kb-block=\"kb-adv-heading69_32bb6b-fa\"] mark.kt-highlight{font-style:normal;color:#f76a0c;-webkit-box-decoration-break:clone;box-decoration-break:clone;padding-top:0px;padding-right:0px;padding-bottom:0px;padding-left:0px;}<\/style>\n<h2 class=\"kt-adv-heading69_32bb6b-fa wp-block-kadence-advancedheading\" data-kb-block=\"kb-adv-heading69_32bb6b-fa\"><strong>Edition du site<\/strong><\/h2>\n\n\n\n<p>Le site <strong>axistechnology<\/strong>.<strong>be<\/strong> est la propri\u00e9t\u00e9 et est \u00e9dit\u00e9 par la soci\u00e9t\u00e9 AXIS TECHNOLOGY (SA), \u00a0inscrite \u00e0 la Banque-Carrefour des Entreprises sous le num\u00e9ro BE 0839.382.966, dont le si\u00e8ge social est situ\u00e9 <em>81 Rue Bruy\u00e8re-Saint-Jean, 1410 Waterloo<\/em>, <em>Belgique<\/em>.<\/p>\n\n\n\n<p>AXIS TECHNOLOGY s\u2019efforce de vous offrir le meilleur service possible. Nous souhaitons d\u00e8s lors pr\u00e9server la confiance que vous nous portez en vous informant de notre politique d\u2019utilisation et de stockage des cookies depuis notre site web vers votre terminal (ordinateur, smartphone, tablette tactile, t\u00e9l\u00e9vision interactive, etc.).<\/p>\n\n\n\n<ul class=\"wp-block-list\">\n<li><strong>D\u00e9nomination sociale\u00a0: AXIS TECHNOLOGY<\/strong><\/li>\n\n\n\n<li><strong>Forme juridique\u00a0:<\/strong>\u00a0SRL<\/li>\n\n\n\n<li><strong>Si\u00e8ge Social<\/strong>&nbsp;: Rue Bruy\u00e8re-Saint-Jean 81, 1410 Waterloo, Belgique<\/li>\n\n\n\n<li><strong>TVA:<\/strong>&nbsp;&nbsp;BE 0839.382.966<\/li>\n<\/ul>\n\n\n<style>.wp-block-kadence-advancedheading.kt-adv-heading69_b8b0e3-5e, .wp-block-kadence-advancedheading.kt-adv-heading69_b8b0e3-5e[data-kb-block=\"kb-adv-heading69_b8b0e3-5e\"]{font-style:normal;}.wp-block-kadence-advancedheading.kt-adv-heading69_b8b0e3-5e mark.kt-highlight, .wp-block-kadence-advancedheading.kt-adv-heading69_b8b0e3-5e[data-kb-block=\"kb-adv-heading69_b8b0e3-5e\"] mark.kt-highlight{font-style:normal;color:#f76a0c;-webkit-box-decoration-break:clone;box-decoration-break:clone;padding-top:0px;padding-right:0px;padding-bottom:0px;padding-left:0px;}<\/style>\n<h2 class=\"kt-adv-heading69_b8b0e3-5e wp-block-kadence-advancedheading\" data-kb-block=\"kb-adv-heading69_b8b0e3-5e\">H\u00e9bergeur<\/h2>\n\n\n\n<p>Le site <em>axistechnology.com<\/em> est h\u00e9berg\u00e9 sur <a href=\"http:\/\/hostinger.com\" data-type=\"link\" data-id=\"hostinger.com\">hostinger.com<\/a>.<\/p>\n\n\n<style>.wp-block-kadence-advancedheading.kt-adv-heading69_26c0e1-0a, .wp-block-kadence-advancedheading.kt-adv-heading69_26c0e1-0a[data-kb-block=\"kb-adv-heading69_26c0e1-0a\"]{font-style:normal;}.wp-block-kadence-advancedheading.kt-adv-heading69_26c0e1-0a mark.kt-highlight, .wp-block-kadence-advancedheading.kt-adv-heading69_26c0e1-0a[data-kb-block=\"kb-adv-heading69_26c0e1-0a\"] mark.kt-highlight{font-style:normal;color:#f76a0c;-webkit-box-decoration-break:clone;box-decoration-break:clone;padding-top:0px;padding-right:0px;padding-bottom:0px;padding-left:0px;}<\/style>\n<h2 class=\"kt-adv-heading69_26c0e1-0a wp-block-kadence-advancedheading\" data-kb-block=\"kb-adv-heading69_26c0e1-0a\">CONTACT US<\/h2>\n\n\n\n<ul class=\"wp-block-list\">\n<li>Par t\u00e9l\u00e9phone: +32 2 35 31 04<\/li>\n\n\n\n<li>Par email: &nbsp;info@axistechnology.be<\/li>\n\n\n\n<li>Par courrier: Rue Bruy\u00e8re-Saint-Jean 81, 1410 Waterloo<\/li>\n<\/ul>\n\n\n<style>.wp-block-kadence-advancedheading.kt-adv-heading69_ef14d9-60, .wp-block-kadence-advancedheading.kt-adv-heading69_ef14d9-60[data-kb-block=\"kb-adv-heading69_ef14d9-60\"]{font-style:normal;}.wp-block-kadence-advancedheading.kt-adv-heading69_ef14d9-60 mark.kt-highlight, .wp-block-kadence-advancedheading.kt-adv-heading69_ef14d9-60[data-kb-block=\"kb-adv-heading69_ef14d9-60\"] mark.kt-highlight{font-style:normal;color:#f76a0c;-webkit-box-decoration-break:clone;box-decoration-break:clone;padding-top:0px;padding-right:0px;padding-bottom:0px;padding-left:0px;}<\/style>\n<h2 class=\"kt-adv-heading69_ef14d9-60 wp-block-kadence-advancedheading\" data-kb-block=\"kb-adv-heading69_ef14d9-60\">Read more<\/h2>\n\n\n\n<p><a href=\"https:\/\/axistechnology.be\/en\/politique-de-cookies-ue\/\" data-type=\"page\" data-id=\"1066\">Politique de confidentialit\u00e9.<\/a><\/p>\n<\/div><\/div>\n\n<\/div><\/div>\n\n\n<p><\/p>","protected":false},"excerpt":{"rendered":"<p>Edition du site Le site axistechnology.be est la propri\u00e9t\u00e9 et est \u00e9dit\u00e9 par la soci\u00e9t\u00e9 AXIS TECHNOLOGY (SA), \u00a0inscrite \u00e0 la Banque-Carrefour des Entreprises sous le num\u00e9ro BE 0839.382.966, dont le si\u00e8ge social est situ\u00e9 81 Rue Bruy\u00e8re-Saint-Jean, 1410 Waterloo, Belgique. AXIS TECHNOLOGY s\u2019efforce de vous offrir le meilleur service possible. Nous souhaitons d\u00e8s lors&#8230;<\/p>","protected":false},"author":1,"featured_media":0,"parent":0,"menu_order":0,"comment_status":"closed","ping_status":"closed","template":"","meta":{"_acf_changed":false,"_kad_post_transparent":"","_kad_post_title":"","_kad_post_layout":"","_kad_post_sidebar_id":"","_kad_post_content_style":"","_kad_post_vertical_padding":"","_kad_post_feature":"","_kad_post_feature_position":"","_kad_post_header":false,"_kad_post_footer":false,"_kad_post_classname":"","footnotes":""},"class_list":["post-69","page","type-page","status-publish","hentry"],"acf":[],"_links":{"self":[{"href":"https:\/\/axistechnology.be\/en\/wp-json\/wp\/v2\/pages\/69","targetHints":{"allow":["GET"]}}],"collection":[{"href":"https:\/\/axistechnology.be\/en\/wp-json\/wp\/v2\/pages"}],"about":[{"href":"https:\/\/axistechnology.be\/en\/wp-json\/wp\/v2\/types\/page"}],"author":[{"embeddable":true,"href":"https:\/\/axistechnology.be\/en\/wp-json\/wp\/v2\/users\/1"}],"replies":[{"embeddable":true,"href":"https:\/\/axistechnology.be\/en\/wp-json\/wp\/v2\/comments?post=69"}],"version-history":[{"count":8,"href":"https:\/\/axistechnology.be\/en\/wp-json\/wp\/v2\/pages\/69\/revisions"}],"predecessor-version":[{"id":1154,"href":"https:\/\/axistechnology.be\/en\/wp-json\/wp\/v2\/pages\/69\/revisions\/1154"}],"wp:attachment":[{"href":"https:\/\/axistechnology.be\/en\/wp-json\/wp\/v2\/media?parent=69"}],"curies":[{"name":"wp","href":"https:\/\/api.w.org\/{rel}","templated":true}]}}