{"id":67,"date":"2023-12-20T14:12:18","date_gmt":"2023-12-20T13:12:18","guid":{"rendered":"https:\/\/axistechnology.be\/?page_id=67"},"modified":"2024-12-05T17:22:21","modified_gmt":"2024-12-05T16:22:21","slug":"politique-de-confidentialite-2-2","status":"publish","type":"page","link":"https:\/\/axistechnology.be\/en\/politique-de-confidentialite-2-2\/","title":{"rendered":"Privacy Policy"},"content":{"rendered":"<style>.kb-row-layout-id67_f83929-6d > .kt-row-column-wrap{align-content:start;}:where(.kb-row-layout-id67_f83929-6d > .kt-row-column-wrap) > .wp-block-kadence-column{justify-content:start;}.kb-row-layout-id67_f83929-6d > .kt-row-column-wrap{column-gap:var(--global-kb-gap-md, 2rem);row-gap:var(--global-kb-gap-md, 2rem);max-width:var( --global-content-width, 1290px );padding-left:var(--global-content-edge-padding);padding-right:var(--global-content-edge-padding);padding-top:var(--global-kb-spacing-xxl, 5rem);padding-bottom:var(--global-kb-spacing-sm, 1.5rem);grid-template-columns:minmax(0, 1fr);}.kb-row-layout-id67_f83929-6d > .kt-row-layout-overlay{opacity:0.30;}@media all and (max-width: 1024px){.kb-row-layout-id67_f83929-6d > .kt-row-column-wrap{grid-template-columns:minmax(0, 1fr);}}@media all and (max-width: 767px){.kb-row-layout-id67_f83929-6d > .kt-row-column-wrap{grid-template-columns:minmax(0, 1fr);}}<\/style><div class=\"kb-row-layout-wrap kb-row-layout-id67_f83929-6d alignnone wp-block-kadence-rowlayout\"><div class=\"kt-row-column-wrap kt-has-1-columns kt-row-layout-equal kt-tab-layout-inherit kt-mobile-layout-row kt-row-valign-top kb-theme-content-width\">\n<style>.kadence-column67_139dfa-57 > .kt-inside-inner-col,.kadence-column67_139dfa-57 > .kt-inside-inner-col:before{border-top-left-radius:0px;border-top-right-radius:0px;border-bottom-right-radius:0px;border-bottom-left-radius:0px;}.kadence-column67_139dfa-57 > .kt-inside-inner-col{column-gap:var(--global-kb-gap-sm, 1rem);}.kadence-column67_139dfa-57 > .kt-inside-inner-col{flex-direction:column;}.kadence-column67_139dfa-57 > .kt-inside-inner-col > .aligncenter{width:100%;}.kadence-column67_139dfa-57 > .kt-inside-inner-col:before{opacity:0.3;}.kadence-column67_139dfa-57{position:relative;}@media all and (max-width: 1024px){.kadence-column67_139dfa-57 > .kt-inside-inner-col{flex-direction:column;justify-content:center;}}@media all and (max-width: 767px){.kadence-column67_139dfa-57 > .kt-inside-inner-col{flex-direction:column;justify-content:center;}}<\/style>\n<div class=\"wp-block-kadence-column kadence-column67_139dfa-57\"><div class=\"kt-inside-inner-col\">\n<p><strong>Chez AXIS TECHNOLOGY, nous nous engageons \u00e0 prot\u00e9ger et \u00e0 respecter votre vie priv\u00e9e.<\/strong><\/p>\n\n\n\n<p>La pr\u00e9sente politique de confidentialit\u00e9 a pour objet d\u2019expliquer comment nous recueillons, utilisons et stockons vos donn\u00e9es personnelles.<\/p>\n\n\n\n<p>En utilisant notre sites web, ou en nous communiquant de toute autre mani\u00e8re vos donn\u00e9es personnelles, vous acceptez les pratiques d\u00e9crites dans la pr\u00e9sente politique de confidentialit\u00e9.<\/p>\n\n\n\n<h2 class=\"wp-block-heading\">Qui sommes-nous&nbsp;?<\/h2>\n\n\n\n<p><strong><strong>AXIS TECHNOLOGY<\/strong> SRL<\/strong>, pour plus d&rsquo;informations, consulter nos <a href=\"https:\/\/axistechnology.be\/en\/mentions-legales\/\" data-type=\"page\" data-id=\"69\">mentions l\u00e9gales<\/a>.<\/p>\n\n\n\n<h2 class=\"wp-block-heading\">G\u00e9n\u00e9ralit\u00e9s<\/h2>\n\n\n\n<p>La pr\u00e9sente politique de confidentialit\u00e9 s\u2019applique \u00e0 toutes les donn\u00e9es personnelles (ci-apr\u00e8s les \u00ab&nbsp;donn\u00e9es&nbsp;\u00bb) que nous recueillons \u00e0 votre sujet aux fins de la fourniture des services que nous offrons.<\/p>\n\n\n\n<p>Par \u00ab&nbsp;<strong>donn\u00e9es personnelles<\/strong>&nbsp;\u00bb ou \u00ab&nbsp;<strong>informations personnelles<\/strong> \u00bb&nbsp;, nous entendons toutes les donn\u00e9es personnelles vous concernant, c\u2019est-\u00e0-dire toute information permettant de vous identifier, directement ou indirectement, en tant que personne physique. Il s\u2019agit d\u2019informations qui peuvent \u00eatre utilis\u00e9es pour vous identifier, seules ou en combinaison avec d\u2019autres donn\u00e9es que nous recueillons ou auxquelles nous avons acc\u00e8s. Dans les cas o\u00f9 des donn\u00e9es personnelles et d\u2019autres donn\u00e9es sont combin\u00e9es (par exemple, des informations de contact avec des informations de connexion \u00e0 un compte ou des informations d\u00e9mographiques), ces informations sont consid\u00e9r\u00e9es comme des informations personnelles.<\/p>\n\n\n\n<p>Par \u00ab&nbsp;<strong>traitement<\/strong> \u00bb, nous entendons \u201ctoute op\u00e9ration ou tout ensemble d\u2019op\u00e9rations effectu\u00e9es ou non \u00e0 l\u2019aide de proc\u00e9d\u00e9s automatis\u00e9s et appliqu\u00e9es \u00e0 des donn\u00e9es ou des ensembles de donn\u00e9es \u00e0 caract\u00e8re personnel, telles que la collecte, l\u2019enregistrement, l\u2019organisation, la structuration, la conservation, l\u2019adaptation ou la modification, l\u2019extraction, la consultation, l\u2019utilisation, la communication par transmission, la diffusion ou toute autre forme de mise \u00e0 disposition, le rapprochement ou l\u2019interconnexion, la limitation, l\u2019effacement ou la destruction\u201d (article 4, point 2, du RGPD).<\/p>\n\n\n\n<p>Cette politique s\u2019inscrit dans notre volont\u00e9 d\u2019agir en toute transparence et dans le respect de la loi du 30 juillet 2018 relative \u00e0 la protection des personnes physiques \u00e0 l\u2019\u00e9gard du traitement des donn\u00e9es \u00e0 caract\u00e8re personnel (ci-apr\u00e8s d\u00e9nomm\u00e9e \u00ab&nbsp;loi vie priv\u00e9e&nbsp;\u00bb) et du r\u00e8glement (UE) 2016\/679 du Parlement europ\u00e9en et du Conseil du 27 avril 2016 relatif \u00e0 la protection des personnes physiques \u00e0 l\u2019\u00e9gard du traitement des donn\u00e9es \u00e0 caract\u00e8re personnel et \u00e0 la libre circulation de ces donn\u00e9es et abrogeant la directive 95\/46\/CE (ci-apr\u00e8s d\u00e9nomm\u00e9 \u00ab&nbsp;r\u00e8glement g\u00e9n\u00e9ral sur la protection des donn\u00e9es&nbsp;\u00bb ou \u201cRGPD\u201d).<\/p>\n\n\n\n<p>Si vous souhaitez r\u00e9agir \u00e0 l\u2019une des pratiques d\u00e9crites ci-dessous, n\u2019h\u00e9sitez pas \u00e0 nous contacter par e-mail <a href=\"mailto:info@sotrexco.be\">info@axistechnology.be<\/a>.<\/p>\n\n\n<style>.wp-block-kadence-advancedheading.kt-adv-heading67_e276ef-0f, .wp-block-kadence-advancedheading.kt-adv-heading67_e276ef-0f[data-kb-block=\"kb-adv-heading67_e276ef-0f\"]{font-style:normal;}.wp-block-kadence-advancedheading.kt-adv-heading67_e276ef-0f mark.kt-highlight, .wp-block-kadence-advancedheading.kt-adv-heading67_e276ef-0f[data-kb-block=\"kb-adv-heading67_e276ef-0f\"] mark.kt-highlight{font-style:normal;color:#f76a0c;-webkit-box-decoration-break:clone;box-decoration-break:clone;padding-top:0px;padding-right:0px;padding-bottom:0px;padding-left:0px;}<\/style>\n<h2 class=\"kt-adv-heading67_e276ef-0f wp-block-kadence-advancedheading\" data-kb-block=\"kb-adv-heading67_e276ef-0f\">Donn\u00e9es que nous receuillons sur vous<\/h2>\n\n\n\n<p>Nous pouvons collecter des donn\u00e9es personnelles via :<\/p>\n\n\n\n<ul class=\"wp-block-list\">\n<li>Notre site web, notamment lorsque vous utilisez le formulaire de contact ;<\/li>\n\n\n\n<li>Autres sources (ex.,&nbsp;<em>third party data aggregators<\/em>).<\/li>\n<\/ul>\n\n\n\n<p>Nous nous effor\u00e7ons de limiter la quantit\u00e9 de donn\u00e9es personnelles que nous collectons et stockons \u00e0 celles qui sont raisonnablement n\u00e9cessaires pour vous fournir les services concern\u00e9s.<\/p>\n\n\n\n<ul class=\"wp-block-list\">\n<li>Informations de contact personnelles : informations qui nous permettraient de vous contacter personnellement, telles que vos nom, pr\u00e9noms, num\u00e9ro de t\u00e9l\u00e9phone ou adresse \u00e9lectronique. Dans certains cas, il peut s\u2019agir d\u2019informations que vous nous donnez sur quelqu\u2019un d\u2019autre (par exemple, si vous fournissez l\u2019adresse \u00e9lectronique d\u2019un ami ou coll\u00e8gue).<\/li>\n\n\n\n<li>Informations d\u00e9mographiques si n\u00e9cessaire (par exemple, date de naissance, \u00e2ge, etc.).<\/li>\n\n\n\n<li>La langue.<\/li>\n\n\n\n<li>La ville et le pays dans lesquels vous vivez et\/ou travaillez, le cas \u00e9ch\u00e9ant.<\/li>\n\n\n\n<li>Votre fonction dans votre entreprise.<\/li>\n\n\n\n<li>Informations techniques sur l\u2019ordinateur (par exemple, adresses IP, type de syst\u00e8me d\u2019exploitation, type de navigateur web).<\/li>\n\n\n\n<li>Informations sur l\u2019utilisation des sites web : informations sur la fa\u00e7on dont vous utilisez ou naviguez sur notre sites web, applications, publicit\u00e9s en ligne, y compris les liens sur lesquels vous cliquez, les pages que vous consultez et la dur\u00e9e de votre visite, et autres informations et\/ou statistiques similaires telles que la date et l\u2019heure de la visite, le site d\u2019o\u00f9 vous venez et les activit\u00e9s du site.<\/li>\n<\/ul>\n\n\n\n<p>Il est possible que nous recueillions des donn\u00e9es non personnelles. Ces donn\u00e9es sont appel\u00e9es donn\u00e9es non personnelles car elles ne permettent pas de vous identifier directement ou indirectement. Elles peuvent donc \u00eatre utilis\u00e9es \u00e0 n\u2019importe quelle fin, par exemple pour am\u00e9liorer notre site web, nos produits, cibler notre publicit\u00e9 ou am\u00e9liorer les services que nous offrons.<\/p>\n\n\n<style>.wp-block-kadence-advancedheading.kt-adv-heading67_b8ec85-03, .wp-block-kadence-advancedheading.kt-adv-heading67_b8ec85-03[data-kb-block=\"kb-adv-heading67_b8ec85-03\"]{font-style:normal;}.wp-block-kadence-advancedheading.kt-adv-heading67_b8ec85-03 mark.kt-highlight, .wp-block-kadence-advancedheading.kt-adv-heading67_b8ec85-03[data-kb-block=\"kb-adv-heading67_b8ec85-03\"] mark.kt-highlight{font-style:normal;color:#f76a0c;-webkit-box-decoration-break:clone;box-decoration-break:clone;padding-top:0px;padding-right:0px;padding-bottom:0px;padding-left:0px;}<\/style>\n<h2 class=\"kt-adv-heading67_b8ec85-03 wp-block-kadence-advancedheading\" data-kb-block=\"kb-adv-heading67_b8ec85-03\">\u00c0 quelles fins collections-nous vos donn\u00e9es?<\/h2>\n\n\n\n<p>AXIS TECHNOLOGY ne traite vos donn\u00e9es que dans la mesure n\u00e9cessaire aux fins pour lesquelles elles ont \u00e9t\u00e9 collect\u00e9es. Dans ce contexte, nous avons identifi\u00e9 ces objectifs et veillons \u00e0 ce que seules les donn\u00e9es personnelles qui sont n\u00e9cessaires et pertinentes soient trait\u00e9es, conform\u00e9ment au principe de minimisation des donn\u00e9es.<\/p>\n\n\n\n<p>En g\u00e9n\u00e9ral, nous basons le traitement de vos donn\u00e9es personnelles sur les bases juridiques suivante :<\/p>\n\n\n\n<ul class=\"wp-block-list\">\n<li>Afin de nous conformer \u00e0 nos obligations l\u00e9gales ;<\/li>\n\n\n\n<li>Afin de prendre des mesures pr\u00e9alables et d\u2019ex\u00e9cuter le contrat qui nous lie lorsque vous b\u00e9n\u00e9ficiez de nos services ;<\/li>\n\n\n\n<li>Afin de r\u00e9aliser notre int\u00e9r\u00eat l\u00e9gitime (dans ce cas, nous veillons toujours \u00e0 respecter un \u00e9quilibre entre notre int\u00e9r\u00eat et vos droits et libert\u00e9s) ;<\/li>\n\n\n\n<li>Enfin, sur la base de votre consentement.<\/li>\n<\/ul>\n\n\n\n<p>Dans le cas o\u00f9 nous serions amen\u00e9s \u00e0 effectuer des traitements qui ne sont pas encore pr\u00e9vus par la pr\u00e9sente politique, nous vous contacterons avant d\u2019utiliser vos donn\u00e9es \u00e0 caract\u00e8re personnel. Ce contact aura pour but de vous informer de ce traitement et, le cas \u00e9ch\u00e9ant, de vous demander votre consentement explicite.<\/p>\n\n\n<style>.wp-block-kadence-advancedheading.kt-adv-heading67_be91b9-a9, .wp-block-kadence-advancedheading.kt-adv-heading67_be91b9-a9[data-kb-block=\"kb-adv-heading67_be91b9-a9\"]{font-style:normal;}.wp-block-kadence-advancedheading.kt-adv-heading67_be91b9-a9 mark.kt-highlight, .wp-block-kadence-advancedheading.kt-adv-heading67_be91b9-a9[data-kb-block=\"kb-adv-heading67_be91b9-a9\"] mark.kt-highlight{font-style:normal;color:#f76a0c;-webkit-box-decoration-break:clone;box-decoration-break:clone;padding-top:0px;padding-right:0px;padding-bottom:0px;padding-left:0px;}<\/style>\n<h2 class=\"kt-adv-heading67_be91b9-a9 wp-block-kadence-advancedheading\" data-kb-block=\"kb-adv-heading67_be91b9-a9\">Combien de temps conservons-nous vos donn\u00e9es?<\/h2>\n\n\n\n<p>Nous ne conservons vos donn\u00e9es que pendant la dur\u00e9e raisonnablement n\u00e9cessaire aux fins pour lesquelles elles ont \u00e9t\u00e9 collect\u00e9es, en tenant compte de notre besoin de r\u00e9pondre \u00e0 des questions ou de r\u00e9soudre des probl\u00e8mes, de fournir des services nouveaux et de nous conformer aux exigences l\u00e9gales en vertu du droit applicable.<\/p>\n\n\n\n<p>Cela signifie que nous pouvons conserver vos informations personnelles pendant une p\u00e9riode raisonnable apr\u00e8s que vous ayez cess\u00e9 d\u2019utiliser nos services ou nos sites web. Apr\u00e8s cette p\u00e9riode, vos informations personnelles seront supprim\u00e9es de tous nos syst\u00e8mes.<\/p>\n\n\n\n<h2 class=\"wp-block-heading\">Contenu embarqu\u00e9 depuis d\u2019autres sites<\/h2>\n\n\n\n<p>Les articles de ce site peuvent inclure des contenus int\u00e9gr\u00e9s (par exemple des vid\u00e9os, images, articles\u2026). Le contenu int\u00e9gr\u00e9 depuis d\u2019autres sites se comporte de la m\u00eame mani\u00e8re que si le visiteur se rendait sur cet autre site.<\/p>\n\n\n\n<p>Ces sites web pourraient collecter des donn\u00e9es sur vous, utiliser des cookies, embarquer des outils de suivis tiers, suivre vos interactions avec ces contenus embarqu\u00e9s si vous disposez d\u2019un compte connect\u00e9 sur leur site web.<\/p>\n<\/div><\/div>\n\n<\/div><\/div>","protected":false},"excerpt":{"rendered":"<p>Chez AXIS TECHNOLOGY, nous nous engageons \u00e0 prot\u00e9ger et \u00e0 respecter votre vie priv\u00e9e. La pr\u00e9sente politique de confidentialit\u00e9 a pour objet d\u2019expliquer comment nous recueillons, utilisons et stockons vos donn\u00e9es personnelles. En utilisant notre sites web, ou en nous communiquant de toute autre mani\u00e8re vos donn\u00e9es personnelles, vous acceptez les pratiques d\u00e9crites dans la&#8230;<\/p>","protected":false},"author":1,"featured_media":0,"parent":0,"menu_order":0,"comment_status":"closed","ping_status":"closed","template":"","meta":{"_acf_changed":false,"_kad_post_transparent":"","_kad_post_title":"","_kad_post_layout":"","_kad_post_sidebar_id":"","_kad_post_content_style":"","_kad_post_vertical_padding":"","_kad_post_feature":"","_kad_post_feature_position":"","_kad_post_header":false,"_kad_post_footer":false,"_kad_post_classname":"","footnotes":""},"class_list":["post-67","page","type-page","status-publish","hentry"],"acf":[],"_links":{"self":[{"href":"https:\/\/axistechnology.be\/en\/wp-json\/wp\/v2\/pages\/67","targetHints":{"allow":["GET"]}}],"collection":[{"href":"https:\/\/axistechnology.be\/en\/wp-json\/wp\/v2\/pages"}],"about":[{"href":"https:\/\/axistechnology.be\/en\/wp-json\/wp\/v2\/types\/page"}],"author":[{"embeddable":true,"href":"https:\/\/axistechnology.be\/en\/wp-json\/wp\/v2\/users\/1"}],"replies":[{"embeddable":true,"href":"https:\/\/axistechnology.be\/en\/wp-json\/wp\/v2\/comments?post=67"}],"version-history":[{"count":5,"href":"https:\/\/axistechnology.be\/en\/wp-json\/wp\/v2\/pages\/67\/revisions"}],"predecessor-version":[{"id":1156,"href":"https:\/\/axistechnology.be\/en\/wp-json\/wp\/v2\/pages\/67\/revisions\/1156"}],"wp:attachment":[{"href":"https:\/\/axistechnology.be\/en\/wp-json\/wp\/v2\/media?parent=67"}],"curies":[{"name":"wp","href":"https:\/\/api.w.org\/{rel}","templated":true}]}}