{"id":548,"date":"2024-03-06T10:50:02","date_gmt":"2024-03-06T09:50:02","guid":{"rendered":"https:\/\/axistechnology.be\/?page_id=548"},"modified":"2024-04-22T12:49:35","modified_gmt":"2024-04-22T10:49:35","slug":"eau","status":"publish","type":"page","link":"https:\/\/axistechnology.be\/en\/services\/eau\/","title":{"rendered":"WATER"},"content":{"rendered":"<style>.kb-row-layout-id548_732999-62 > .kt-row-column-wrap{align-content:start;}:where(.kb-row-layout-id548_732999-62 > .kt-row-column-wrap) > .wp-block-kadence-column{justify-content:start;}.kb-row-layout-id548_732999-62 > .kt-row-column-wrap{column-gap:var(--global-kb-gap-md, 2rem);row-gap:var(--global-kb-gap-md, 2rem);padding-bottom:var(--global-kb-spacing-sm, 1.5rem);}.kb-row-layout-id548_732999-62 > .kt-row-column-wrap > div:not(.added-for-specificity){grid-column:initial;}.kb-row-layout-id548_732999-62 > .kt-row-column-wrap{grid-template-columns:minmax(0, 1fr);}.kb-row-layout-id548_732999-62 > .kt-row-layout-overlay{opacity:0.30;}@media all and (max-width: 1024px){.kb-row-layout-id548_732999-62 > .kt-row-column-wrap > div:not(.added-for-specificity){grid-column:initial;}}@media all and (max-width: 1024px){.kb-row-layout-id548_732999-62 > .kt-row-column-wrap{grid-template-columns:minmax(0, 1fr);}}@media all and (max-width: 767px){.kb-row-layout-id548_732999-62 > .kt-row-column-wrap > div:not(.added-for-specificity){grid-column:initial;}.kb-row-layout-id548_732999-62 > .kt-row-column-wrap{grid-template-columns:minmax(0, 1fr);}}<\/style><div class=\"kb-row-layout-wrap kb-row-layout-id548_732999-62 alignnone wp-block-kadence-rowlayout\"><div class=\"kt-row-column-wrap kt-has-4-columns kt-row-layout-row kt-tab-layout-inherit kt-mobile-layout-row kt-row-valign-top\">\n<style>.kadence-column548_dd1450-00 > .kt-inside-inner-col{display:flex;}.kadence-column548_dd1450-00 > .kt-inside-inner-col{min-height:350px;}.kadence-column548_dd1450-00 > .kt-inside-inner-col,.kadence-column548_dd1450-00 > .kt-inside-inner-col:before{border-top-left-radius:0px;border-top-right-radius:0px;border-bottom-right-radius:0px;border-bottom-left-radius:0px;}.kadence-column548_dd1450-00 > .kt-inside-inner-col{column-gap:var(--global-kb-gap-sm, 1rem);}.kadence-column548_dd1450-00 > .kt-inside-inner-col{flex-direction:column;justify-content:center;}.kadence-column548_dd1450-00 > .kt-inside-inner-col > .aligncenter{width:100%;}.kt-row-column-wrap > .kadence-column548_dd1450-00{align-self:center;}.kt-inner-column-height-full:not(.kt-has-1-columns) > .wp-block-kadence-column.kadence-column548_dd1450-00{align-self:auto;}.kt-inner-column-height-full:not(.kt-has-1-columns) > .wp-block-kadence-column.kadence-column548_dd1450-00 > .kt-inside-inner-col{flex-direction:column;justify-content:center;}.kadence-column548_dd1450-00 > .kt-inside-inner-col{background-image:url('https:\/\/axistechnology.be\/wp-content\/uploads\/2024\/04\/eau2-scaled.jpg');background-size:cover;background-position:51% 32%;background-attachment:scroll;background-repeat:no-repeat;}.kadence-column548_dd1450-00 > .kt-inside-inner-col:before{opacity:0.5;background-image:linear-gradient(180deg,var(--global-palette9) 0%,rgba(20,39,109,0) 100%);}.kadence-column548_dd1450-00{position:relative;}@media all and (max-width: 1024px){.kt-row-column-wrap > .kadence-column548_dd1450-00{align-self:center;}}@media all and (max-width: 1024px){.kt-inner-column-height-full:not(.kt-has-1-columns) > .wp-block-kadence-column.kadence-column548_dd1450-00{align-self:auto;}}@media all and (max-width: 1024px){.kt-inner-column-height-full:not(.kt-has-1-columns) > .wp-block-kadence-column.kadence-column548_dd1450-00 > .kt-inside-inner-col{flex-direction:column;justify-content:center;}}@media all and (max-width: 1024px){.kadence-column548_dd1450-00 > .kt-inside-inner-col{flex-direction:column;justify-content:center;}}@media all and (max-width: 767px){.kt-row-column-wrap > .kadence-column548_dd1450-00{align-self:center;}.kt-inner-column-height-full:not(.kt-has-1-columns) > .wp-block-kadence-column.kadence-column548_dd1450-00{align-self:auto;}.kt-inner-column-height-full:not(.kt-has-1-columns) > .wp-block-kadence-column.kadence-column548_dd1450-00 > .kt-inside-inner-col{flex-direction:column;justify-content:center;}.kadence-column548_dd1450-00 > .kt-inside-inner-col{flex-direction:column;justify-content:center;}}<\/style>\n<div class=\"wp-block-kadence-column kadence-column548_dd1450-00 kb-section-has-overlay\"><div class=\"kt-inside-inner-col\"><style>.wp-block-kadence-advancedheading.kt-adv-heading548_b30166-93, .wp-block-kadence-advancedheading.kt-adv-heading548_b30166-93[data-kb-block=\"kb-adv-heading548_b30166-93\"]{text-align:center;font-size:var(--global-kb-font-size-xl, 3rem);font-style:normal;color:#ffffff;text-shadow:2px 2px 2px rgba(0, 0, 0, 0.2);}.wp-block-kadence-advancedheading.kt-adv-heading548_b30166-93 mark.kt-highlight, .wp-block-kadence-advancedheading.kt-adv-heading548_b30166-93[data-kb-block=\"kb-adv-heading548_b30166-93\"] mark.kt-highlight{font-style:normal;color:#f76a0c;-webkit-box-decoration-break:clone;box-decoration-break:clone;padding-top:0px;padding-right:0px;padding-bottom:0px;padding-left:0px;}@media all and (max-width: 1024px){.wp-block-kadence-advancedheading.kt-adv-heading548_b30166-93, .wp-block-kadence-advancedheading.kt-adv-heading548_b30166-93[data-kb-block=\"kb-adv-heading548_b30166-93\"]{text-shadow:2px 2px 2px rgba(0, 0, 0, 0.2);}}@media all and (max-width: 767px){.wp-block-kadence-advancedheading.kt-adv-heading548_b30166-93, .wp-block-kadence-advancedheading.kt-adv-heading548_b30166-93[data-kb-block=\"kb-adv-heading548_b30166-93\"]{text-shadow:2px 2px 2px rgba(0, 0, 0, 0.2);}}<\/style>\n<h1 class=\"kt-adv-heading548_b30166-93 wp-block-kadence-advancedheading\" data-kb-block=\"kb-adv-heading548_b30166-93\">WATER<\/h1>\n<\/div><\/div>\n\n\n<style>.kadence-column548_107fca-1d > .kt-inside-inner-col{display:flex;}.kadence-column548_107fca-1d > .kt-inside-inner-col,.kadence-column548_107fca-1d > .kt-inside-inner-col:before{border-top-left-radius:0px;border-top-right-radius:0px;border-bottom-right-radius:0px;border-bottom-left-radius:0px;}.kadence-column548_107fca-1d > .kt-inside-inner-col{column-gap:var(--global-kb-gap-sm, 1rem);}.kadence-column548_107fca-1d > .kt-inside-inner-col{flex-direction:column;align-items:center;}.kadence-column548_107fca-1d > .kt-inside-inner-col > .kb-image-is-ratio-size{align-self:stretch;}.kadence-column548_107fca-1d > .kt-inside-inner-col > .wp-block-kadence-advancedgallery{align-self:stretch;}.kadence-column548_107fca-1d > .kt-inside-inner-col > .aligncenter{width:100%;}.kadence-column548_107fca-1d > .kt-inside-inner-col:before{opacity:0.3;}.kadence-column548_107fca-1d{position:relative;}@media all and (max-width: 1024px){.kadence-column548_107fca-1d > .kt-inside-inner-col{flex-direction:column;justify-content:center;align-items:center;}}@media all and (max-width: 767px){.kadence-column548_107fca-1d > .kt-inside-inner-col{flex-direction:column;justify-content:center;align-items:center;}}<\/style>\n<div class=\"wp-block-kadence-column kadence-column548_107fca-1d\"><div class=\"kt-inside-inner-col\">\n<p>We offer an intelligent water management and leak detection solution, through:<\/p>\n\n\n\n<ul class=\"wp-block-list\">\n<li>the precise measurement of water consumption in buildings and industries.<\/li>\n\n\n\n<li>Raising awareness among users to adapt their consumption habits<\/li>\n\n\n\n<li>Raising awareness among users to adapt their consumption habits<\/li>\n<\/ul>\n<\/div><\/div>\n\n\n<style>.kadence-column548_ff84d9-24 > .kt-inside-inner-col,.kadence-column548_ff84d9-24 > .kt-inside-inner-col:before{border-top-left-radius:0px;border-top-right-radius:0px;border-bottom-right-radius:0px;border-bottom-left-radius:0px;}.kadence-column548_ff84d9-24 > .kt-inside-inner-col{column-gap:var(--global-kb-gap-sm, 1rem);}.kadence-column548_ff84d9-24 > .kt-inside-inner-col{flex-direction:column;}.kadence-column548_ff84d9-24 > .kt-inside-inner-col > .aligncenter{width:100%;}.kadence-column548_ff84d9-24 > .kt-inside-inner-col:before{opacity:0.3;}.kadence-column548_ff84d9-24{position:relative;}@media all and (max-width: 1024px){.kadence-column548_ff84d9-24 > .kt-inside-inner-col{flex-direction:column;justify-content:center;}}@media all and (max-width: 767px){.kadence-column548_ff84d9-24 > .kt-inside-inner-col{flex-direction:column;justify-content:center;}}<\/style>\n<div class=\"wp-block-kadence-column kadence-column548_ff84d9-24\"><div class=\"kt-inside-inner-col\">\n<p class=\"has-text-align-center translation-block\">The fields of application are numerous: towns, cities, industries, small and medium-sized businesses, agriculture and even individuals, to monitor and detect water leaks, and carry out preventive maintenance of installations.<\/p>\n<\/div><\/div>\n\n\n<style>.kadence-column548_953838-43 > .kt-inside-inner-col,.kadence-column548_953838-43 > .kt-inside-inner-col:before{border-top-left-radius:0px;border-top-right-radius:0px;border-bottom-right-radius:0px;border-bottom-left-radius:0px;}.kadence-column548_953838-43 > .kt-inside-inner-col{column-gap:var(--global-kb-gap-sm, 1rem);}.kadence-column548_953838-43 > .kt-inside-inner-col{flex-direction:column;}.kadence-column548_953838-43 > .kt-inside-inner-col > .aligncenter{width:100%;}.kadence-column548_953838-43 > .kt-inside-inner-col:before{opacity:0.3;}.kadence-column548_953838-43{position:relative;}@media all and (max-width: 1024px){.kadence-column548_953838-43 > .kt-inside-inner-col{flex-direction:column;justify-content:center;}}@media all and (max-width: 767px){.kadence-column548_953838-43 > .kt-inside-inner-col{flex-direction:column;justify-content:center;}}<\/style>\n<div class=\"wp-block-kadence-column kadence-column548_953838-43\"><div class=\"kt-inside-inner-col\">\n<p class=\"has-text-align-center translation-block\">It is an intelligent and interoperable solution, with automated meter reading, consolidation of consumption data in real time, alert systems, location of leaks to avoid disasters with a view to allowing significant savings .<\/p>\n<\/div><\/div>\n\n<\/div><\/div>","protected":false},"excerpt":{"rendered":"<p>EAU Nous proposons une solution de gestion intelligente de l\u2019eau et de d\u00e9tection des fuites, par : Les champs d\u2019application sont nombreux&nbsp;: les villes, les cit\u00e9s, les industries, les petites etmoyennes entreprises, l\u2019agriculture et m\u00eame les particuliers, pour surveiller et d\u00e9tecter lesfuites d\u2019eau, et proc\u00e9der \u00e0 la maintenance pr\u00e9ventive des installations. Il s\u2019agit une solution&#8230;<\/p>","protected":false},"author":1,"featured_media":0,"parent":475,"menu_order":0,"comment_status":"closed","ping_status":"closed","template":"","meta":{"_acf_changed":false,"_kad_post_transparent":"","_kad_post_title":"","_kad_post_layout":"","_kad_post_sidebar_id":"","_kad_post_content_style":"","_kad_post_vertical_padding":"","_kad_post_feature":"","_kad_post_feature_position":"","_kad_post_header":false,"_kad_post_footer":false,"_kad_post_classname":"","footnotes":""},"class_list":["post-548","page","type-page","status-publish","hentry"],"acf":[],"_links":{"self":[{"href":"https:\/\/axistechnology.be\/en\/wp-json\/wp\/v2\/pages\/548","targetHints":{"allow":["GET"]}}],"collection":[{"href":"https:\/\/axistechnology.be\/en\/wp-json\/wp\/v2\/pages"}],"about":[{"href":"https:\/\/axistechnology.be\/en\/wp-json\/wp\/v2\/types\/page"}],"author":[{"embeddable":true,"href":"https:\/\/axistechnology.be\/en\/wp-json\/wp\/v2\/users\/1"}],"replies":[{"embeddable":true,"href":"https:\/\/axistechnology.be\/en\/wp-json\/wp\/v2\/comments?post=548"}],"version-history":[{"count":10,"href":"https:\/\/axistechnology.be\/en\/wp-json\/wp\/v2\/pages\/548\/revisions"}],"predecessor-version":[{"id":993,"href":"https:\/\/axistechnology.be\/en\/wp-json\/wp\/v2\/pages\/548\/revisions\/993"}],"up":[{"embeddable":true,"href":"https:\/\/axistechnology.be\/en\/wp-json\/wp\/v2\/pages\/475"}],"wp:attachment":[{"href":"https:\/\/axistechnology.be\/en\/wp-json\/wp\/v2\/media?parent=548"}],"curies":[{"name":"wp","href":"https:\/\/api.w.org\/{rel}","templated":true}]}}