{"id":538,"date":"2024-03-06T10:48:50","date_gmt":"2024-03-06T09:48:50","guid":{"rendered":"https:\/\/axistechnology.be\/?page_id=538"},"modified":"2024-04-23T15:39:00","modified_gmt":"2024-04-23T13:39:00","slug":"systemesdefiltration","status":"publish","type":"page","link":"https:\/\/axistechnology.be\/en\/services\/systemesdefiltration\/","title":{"rendered":"FILTRATION"},"content":{"rendered":"<style>.kb-row-layout-id538_f5a6ef-31 > .kt-row-column-wrap{align-content:start;}:where(.kb-row-layout-id538_f5a6ef-31 > .kt-row-column-wrap) > .wp-block-kadence-column{justify-content:start;}.kb-row-layout-id538_f5a6ef-31 > .kt-row-column-wrap{column-gap:var(--global-kb-gap-md, 2rem);row-gap:var(--global-kb-gap-md, 2rem);padding-right:0px;padding-bottom:var(--global-kb-spacing-sm, 1.5rem);padding-left:0px;grid-template-columns:minmax(0, 1fr);}.kb-row-layout-id538_f5a6ef-31 > .kt-row-layout-overlay{opacity:0.30;}@media all and (max-width: 1024px){.kb-row-layout-id538_f5a6ef-31 > .kt-row-column-wrap{grid-template-columns:minmax(0, 1fr);}}@media all and (max-width: 767px){.kb-row-layout-id538_f5a6ef-31 > .kt-row-column-wrap{grid-template-columns:minmax(0, 1fr);}}<\/style><div class=\"kb-row-layout-wrap kb-row-layout-id538_f5a6ef-31 alignnone kt-row-has-bg wp-block-kadence-rowlayout\"><div class=\"kt-row-column-wrap kt-has-2-columns kt-row-layout-row kt-tab-layout-inherit kt-mobile-layout-row kt-row-valign-top\">\n<style>.kadence-column538_f836b3-b1 > .kt-inside-inner-col{display:flex;}.kadence-column538_f836b3-b1 > .kt-inside-inner-col{min-height:350px;}.kadence-column538_f836b3-b1 > .kt-inside-inner-col,.kadence-column538_f836b3-b1 > .kt-inside-inner-col:before{border-top-left-radius:0px;border-top-right-radius:0px;border-bottom-right-radius:0px;border-bottom-left-radius:0px;}.kadence-column538_f836b3-b1 > .kt-inside-inner-col{column-gap:var(--global-kb-gap-sm, 1rem);}.kadence-column538_f836b3-b1 > .kt-inside-inner-col{flex-direction:column;justify-content:center;}.kadence-column538_f836b3-b1 > .kt-inside-inner-col > .aligncenter{width:100%;}.kt-row-column-wrap > .kadence-column538_f836b3-b1{align-self:center;}.kt-inner-column-height-full:not(.kt-has-1-columns) > .wp-block-kadence-column.kadence-column538_f836b3-b1{align-self:auto;}.kt-inner-column-height-full:not(.kt-has-1-columns) > .wp-block-kadence-column.kadence-column538_f836b3-b1 > .kt-inside-inner-col{flex-direction:column;justify-content:center;}.kadence-column538_f836b3-b1 > .kt-inside-inner-col{background-image:url('https:\/\/axistechnology.be\/wp-content\/uploads\/2024\/04\/filtrationb-scaled.jpg');background-size:cover;background-position:47% 48%;background-attachment:scroll;background-repeat:no-repeat;}.kadence-column538_f836b3-b1 > .kt-inside-inner-col:before{opacity:0.75;background-image:linear-gradient(180deg,rgb(6,147,227) 0%,rgb(255,254,254) 0%,rgba(20,39,109,0) 63%);}.kadence-column538_f836b3-b1{position:relative;}@media all and (max-width: 1024px){.kt-row-column-wrap > .kadence-column538_f836b3-b1{align-self:center;}}@media all and (max-width: 1024px){.kt-inner-column-height-full:not(.kt-has-1-columns) > .wp-block-kadence-column.kadence-column538_f836b3-b1{align-self:auto;}}@media all and (max-width: 1024px){.kt-inner-column-height-full:not(.kt-has-1-columns) > .wp-block-kadence-column.kadence-column538_f836b3-b1 > .kt-inside-inner-col{flex-direction:column;justify-content:center;}}@media all and (max-width: 1024px){.kadence-column538_f836b3-b1 > .kt-inside-inner-col{flex-direction:column;justify-content:center;}}@media all and (max-width: 767px){.kt-row-column-wrap > .kadence-column538_f836b3-b1{align-self:center;}.kt-inner-column-height-full:not(.kt-has-1-columns) > .wp-block-kadence-column.kadence-column538_f836b3-b1{align-self:auto;}.kt-inner-column-height-full:not(.kt-has-1-columns) > .wp-block-kadence-column.kadence-column538_f836b3-b1 > .kt-inside-inner-col{flex-direction:column;justify-content:center;}.kadence-column538_f836b3-b1 > .kt-inside-inner-col{flex-direction:column;justify-content:center;}}<\/style>\n<div class=\"wp-block-kadence-column kadence-column538_f836b3-b1 kb-section-has-overlay\"><div class=\"kt-inside-inner-col\"><style>.wp-block-kadence-advancedheading.kt-adv-heading538_18d816-56, .wp-block-kadence-advancedheading.kt-adv-heading538_18d816-56[data-kb-block=\"kb-adv-heading538_18d816-56\"]{text-align:center;font-size:var(--global-kb-font-size-xxl, 4rem);font-style:normal;color:#ffffff;text-shadow:2px 2px 2px rgba(0, 0, 0, 0.2);}.wp-block-kadence-advancedheading.kt-adv-heading538_18d816-56 mark.kt-highlight, .wp-block-kadence-advancedheading.kt-adv-heading538_18d816-56[data-kb-block=\"kb-adv-heading538_18d816-56\"] mark.kt-highlight{font-style:normal;color:#f76a0c;-webkit-box-decoration-break:clone;box-decoration-break:clone;padding-top:0px;padding-right:0px;padding-bottom:0px;padding-left:0px;}@media all and (max-width: 1024px){.wp-block-kadence-advancedheading.kt-adv-heading538_18d816-56, .wp-block-kadence-advancedheading.kt-adv-heading538_18d816-56[data-kb-block=\"kb-adv-heading538_18d816-56\"]{text-shadow:2px 2px 2px rgba(0, 0, 0, 0.2);}}@media all and (max-width: 767px){.wp-block-kadence-advancedheading.kt-adv-heading538_18d816-56, .wp-block-kadence-advancedheading.kt-adv-heading538_18d816-56[data-kb-block=\"kb-adv-heading538_18d816-56\"]{text-shadow:2px 2px 2px rgba(0, 0, 0, 0.2);}}<\/style>\n<h1 class=\"kt-adv-heading538_18d816-56 wp-block-kadence-advancedheading\" data-kb-block=\"kb-adv-heading538_18d816-56\">FILTRATION<\/h1>\n<\/div><\/div>\n\n\n<style>.kadence-column538_700639-b7 > .kt-inside-inner-col,.kadence-column538_700639-b7 > .kt-inside-inner-col:before{border-top-left-radius:0px;border-top-right-radius:0px;border-bottom-right-radius:0px;border-bottom-left-radius:0px;}.kadence-column538_700639-b7 > .kt-inside-inner-col{column-gap:var(--global-kb-gap-sm, 1rem);}.kadence-column538_700639-b7 > .kt-inside-inner-col{flex-direction:column;}.kadence-column538_700639-b7 > .kt-inside-inner-col > .aligncenter{width:100%;}.kadence-column538_700639-b7 > .kt-inside-inner-col:before{opacity:0.3;}.kadence-column538_700639-b7{position:relative;}@media all and (max-width: 1024px){.kadence-column538_700639-b7 > .kt-inside-inner-col{flex-direction:column;justify-content:center;}}@media all and (max-width: 767px){.kadence-column538_700639-b7 > .kt-inside-inner-col{flex-direction:column;justify-content:center;}}<\/style>\n<div class=\"wp-block-kadence-column kadence-column538_700639-b7\"><div class=\"kt-inside-inner-col\"><style>.kb-row-layout-id538_8486f9-99 > .kt-row-column-wrap{align-content:start;}:where(.kb-row-layout-id538_8486f9-99 > .kt-row-column-wrap) > .wp-block-kadence-column{justify-content:start;}.kb-row-layout-id538_8486f9-99 > .kt-row-column-wrap{column-gap:var(--global-kb-gap-md, 2rem);row-gap:var(--global-kb-gap-md, 2rem);max-width:var( --global-content-width, 1290px );padding-left:var(--global-content-edge-padding);padding-right:var(--global-content-edge-padding);padding-top:var(--global-kb-spacing-sm, 1.5rem);padding-bottom:var(--global-kb-spacing-sm, 1.5rem);grid-template-columns:minmax(0, 1fr);}.kb-row-layout-id538_8486f9-99 > .kt-row-layout-overlay{opacity:0.30;}@media all and (max-width: 1024px){.kb-row-layout-id538_8486f9-99 > .kt-row-column-wrap{grid-template-columns:minmax(0, 1fr);}}@media all and (max-width: 767px){.kb-row-layout-id538_8486f9-99 > .kt-row-column-wrap{grid-template-columns:minmax(0, 1fr);}}<\/style><div class=\"kb-row-layout-wrap kb-row-layout-id538_8486f9-99 alignnone wp-block-kadence-rowlayout\"><div class=\"kt-row-column-wrap kt-has-1-columns kt-row-layout-equal kt-tab-layout-inherit kt-mobile-layout-row kt-row-valign-top kb-theme-content-width\">\n<style>.kadence-column538_09ff0e-e7 > .kt-inside-inner-col,.kadence-column538_09ff0e-e7 > .kt-inside-inner-col:before{border-top-left-radius:0px;border-top-right-radius:0px;border-bottom-right-radius:0px;border-bottom-left-radius:0px;}.kadence-column538_09ff0e-e7 > .kt-inside-inner-col{column-gap:var(--global-kb-gap-sm, 1rem);}.kadence-column538_09ff0e-e7 > .kt-inside-inner-col{flex-direction:column;}.kadence-column538_09ff0e-e7 > .kt-inside-inner-col > .aligncenter{width:100%;}.kadence-column538_09ff0e-e7 > .kt-inside-inner-col:before{opacity:0.3;}.kadence-column538_09ff0e-e7{position:relative;}@media all and (max-width: 1024px){.kadence-column538_09ff0e-e7 > .kt-inside-inner-col{flex-direction:column;justify-content:center;}}@media all and (max-width: 767px){.kadence-column538_09ff0e-e7 > .kt-inside-inner-col{flex-direction:column;justify-content:center;}}<\/style>\n<div class=\"wp-block-kadence-column kadence-column538_09ff0e-e7\"><div class=\"kt-inside-inner-col\">\n<p class=\"has-text-align-center\">We have a wide range of filters for industrial filtration of liquids and air. You can rely on a team with solid experience in the field to identify the right filter suited to your needs.<\/p>\n<\/div><\/div>\n\n<\/div><\/div><\/div><\/div>\n\n<\/div><\/div>","protected":false},"excerpt":{"rendered":"<p>FILTRATION Nous disposons d\u2019une vaste gamme de filtres pour la filtration industrielle des liquides et de l\u2019air. Vous pouvez vous appuyer sur une \u00e9quipe ayant une solide exp\u00e9rience dans le m\u00e9tier pour identifier le bon filtre adapt\u00e9 \u00e0 vos besoins.<\/p>","protected":false},"author":1,"featured_media":0,"parent":475,"menu_order":0,"comment_status":"closed","ping_status":"closed","template":"","meta":{"_acf_changed":false,"_kad_post_transparent":"","_kad_post_title":"","_kad_post_layout":"","_kad_post_sidebar_id":"","_kad_post_content_style":"","_kad_post_vertical_padding":"","_kad_post_feature":"","_kad_post_feature_position":"","_kad_post_header":false,"_kad_post_footer":false,"_kad_post_classname":"","footnotes":""},"class_list":["post-538","page","type-page","status-publish","hentry"],"acf":[],"_links":{"self":[{"href":"https:\/\/axistechnology.be\/en\/wp-json\/wp\/v2\/pages\/538","targetHints":{"allow":["GET"]}}],"collection":[{"href":"https:\/\/axistechnology.be\/en\/wp-json\/wp\/v2\/pages"}],"about":[{"href":"https:\/\/axistechnology.be\/en\/wp-json\/wp\/v2\/types\/page"}],"author":[{"embeddable":true,"href":"https:\/\/axistechnology.be\/en\/wp-json\/wp\/v2\/users\/1"}],"replies":[{"embeddable":true,"href":"https:\/\/axistechnology.be\/en\/wp-json\/wp\/v2\/comments?post=538"}],"version-history":[{"count":15,"href":"https:\/\/axistechnology.be\/en\/wp-json\/wp\/v2\/pages\/538\/revisions"}],"predecessor-version":[{"id":1031,"href":"https:\/\/axistechnology.be\/en\/wp-json\/wp\/v2\/pages\/538\/revisions\/1031"}],"up":[{"embeddable":true,"href":"https:\/\/axistechnology.be\/en\/wp-json\/wp\/v2\/pages\/475"}],"wp:attachment":[{"href":"https:\/\/axistechnology.be\/en\/wp-json\/wp\/v2\/media?parent=538"}],"curies":[{"name":"wp","href":"https:\/\/api.w.org\/{rel}","templated":true}]}}